{"id":698,"date":"2025-11-25T14:36:06","date_gmt":"2025-11-25T14:36:06","guid":{"rendered":"https:\/\/cervesaguineu.net\/?post_type=product&#038;p=698"},"modified":"2025-11-25T14:36:07","modified_gmt":"2025-11-25T14:36:07","slug":"esgarrapats","status":"publish","type":"product","link":"https:\/\/cervesaguineu.net\/es\/producto\/esgarrapats\/","title":{"rendered":"Esgarrapats"},"content":{"rendered":"<p>D&#8217;aroma resinosa per\u00f2 amb notes de fruita en boca. T\u00e9 un cos lleuger tot i els seus 7&#8217;5 graus. D&#8217;amargor llarga per\u00f2 integrada. 150 IBU que t&#8217;esgarrapen sense que te n&#8217;adonis<\/p>\n<p>Per\u00f2 qu\u00e8 \u00e9s una American IPA (Indian Pale Ale)?<\/p>\n<p>Per entendre qu\u00e8 \u00e9s una American IPA hem de con\u00e8ixer qu\u00e8 \u00e9s una IPA. Es tracta d\u2019una cervesa de tradici\u00f3 anglesa, rossa i escumosa. El seu nom el trobem en el seu origen com a cervesa creada pels anglesos per adaptar-se durant la seva expansi\u00f3 comercial cap a la india. Es per aix\u00f2 que destaca per ser una varietat arom\u00e0tica, floral i especiada.<\/p>\n<p>Aix\u00ed doncs es tracta de la versi\u00f3 americana de la cl\u00e0ssica IPA brit\u00e0nica. Els cervesers americans van treballar els ll\u00fapols amb aromes m\u00e9s c\u00edtrics i florals, i tocs de resina.<\/p>\n<p>&nbsp;<\/p>","protected":false},"excerpt":{"rendered":"<p>D&#8217;aroma resinosa per\u00f2 amb notes de fruita en boca. T\u00e9 un cos lleuger tot i els seus 7&#8217;5 graus. D&#8217;amargor llarga per\u00f2 integrada. 150 IBU que t&#8217;esgarrapen sense que te [&hellip;]<\/p>\n","protected":false},"featured_media":261,"comment_status":"open","ping_status":"closed","template":"","meta":{"_coblocks_attr":"","_coblocks_dimensions":"","_coblocks_responsive_height":"","_coblocks_accordion_ie_support":"","_surecart_dashboard_logo_width":"180px","_surecart_dashboard_show_logo":true,"_surecart_dashboard_navigation_orders":true,"_surecart_dashboard_navigation_invoices":true,"_surecart_dashboard_navigation_subscriptions":true,"_surecart_dashboard_navigation_downloads":true,"_surecart_dashboard_navigation_billing":true,"_surecart_dashboard_navigation_account":true,"_uag_custom_page_level_css":"","site-sidebar-layout":"default","site-content-layout":"","ast-site-content-layout":"default","site-content-style":"default","site-sidebar-style":"default","ast-global-header-display":"","ast-banner-title-visibility":"","ast-main-header-display":"","ast-hfb-above-header-display":"","ast-hfb-below-header-display":"","ast-hfb-mobile-header-display":"","site-post-title":"","ast-breadcrumbs-content":"","ast-featured-img":"","footer-sml-layout":"","ast-disable-related-posts":"","theme-transparent-header-meta":"default","adv-header-id-meta":"","stick-header-meta":"","header-above-stick-meta":"","header-main-stick-meta":"","header-below-stick-meta":"","astra-migrate-meta-layouts":"set","ast-page-background-enabled":"default","ast-page-background-meta":{"desktop":{"background-color":"var(--ast-global-color-4)","background-image":"","background-repeat":"repeat","background-position":"center center","background-size":"auto","background-attachment":"scroll","background-type":"","background-media":"","overlay-type":"","overlay-color":"","overlay-opacity":"","overlay-gradient":""},"tablet":{"background-color":"","background-image":"","background-repeat":"repeat","background-position":"center center","background-size":"auto","background-attachment":"scroll","background-type":"","background-media":"","overlay-type":"","overlay-color":"","overlay-opacity":"","overlay-gradient":""},"mobile":{"background-color":"","background-image":"","background-repeat":"repeat","background-position":"center center","background-size":"auto","background-attachment":"scroll","background-type":"","background-media":"","overlay-type":"","overlay-color":"","overlay-opacity":"","overlay-gradient":""}},"ast-content-background-meta":{"desktop":{"background-color":"var(--ast-global-color-5)","background-image":"","background-repeat":"repeat","background-position":"center center","background-size":"auto","background-attachment":"scroll","background-type":"","background-media":"","overlay-type":"","overlay-color":"","overlay-opacity":"","overlay-gradient":""},"tablet":{"background-color":"var(--ast-global-color-5)","background-image":"","background-repeat":"repeat","background-position":"center center","background-size":"auto","background-attachment":"scroll","background-type":"","background-media":"","overlay-type":"","overlay-color":"","overlay-opacity":"","overlay-gradient":""},"mobile":{"background-color":"var(--ast-global-color-5)","background-image":"","background-repeat":"repeat","background-position":"center center","background-size":"auto","background-attachment":"scroll","background-type":"","background-media":"","overlay-type":"","overlay-color":"","overlay-opacity":"","overlay-gradient":""}},"_price":"2.65","_stock":"160","_tribe_ticket_header":"","_tribe_default_ticket_provider":"","_tribe_ticket_capacity":"","_ticket_start_date":"","_ticket_end_date":"","_tribe_ticket_show_description":"","_tribe_ticket_show_not_going":false,"_tribe_ticket_use_global_stock":"","_tribe_ticket_global_stock_level":"","_global_stock_mode":"","_global_stock_cap":"","_tribe_rsvp_for_event":"","_tribe_ticket_going_count":"","_tribe_ticket_not_going_count":"","_tribe_tickets_list":"[]","_tribe_ticket_has_attendee_info_fields":false},"product_brand":[],"product_cat":[20],"product_tag":[],"class_list":{"0":"post-698","1":"product","2":"type-product","3":"status-publish","4":"has-post-thumbnail","6":"product_cat-sin-categorizar","7":"desktop-align-left","8":"tablet-align-left","9":"mobile-align-left","11":"first","12":"instock","13":"taxable","14":"shipping-taxable","15":"purchasable","16":"product-type-simple"},"uagb_featured_image_src":{"full":["https:\/\/cervesaguineu.net\/wp-content\/uploads\/2025\/11\/DSC_1837-4.jpg",340,272,false],"thumbnail":["https:\/\/cervesaguineu.net\/wp-content\/uploads\/2025\/11\/DSC_1837-4-150x150.jpg",150,150,true],"medium":["https:\/\/cervesaguineu.net\/wp-content\/uploads\/2025\/11\/DSC_1837-4-300x240.jpg",300,240,true],"medium_large":["https:\/\/cervesaguineu.net\/wp-content\/uploads\/2025\/11\/DSC_1837-4.jpg",340,272,false],"large":["https:\/\/cervesaguineu.net\/wp-content\/uploads\/2025\/11\/DSC_1837-4.jpg",340,272,false],"1536x1536":["https:\/\/cervesaguineu.net\/wp-content\/uploads\/2025\/11\/DSC_1837-4.jpg",340,272,false],"2048x2048":["https:\/\/cervesaguineu.net\/wp-content\/uploads\/2025\/11\/DSC_1837-4.jpg",340,272,false],"trp-custom-language-flag":["https:\/\/cervesaguineu.net\/wp-content\/uploads\/2025\/11\/DSC_1837-4-15x12.jpg",15,12,true],"mailpoet_newsletter_max":["https:\/\/cervesaguineu.net\/wp-content\/uploads\/2025\/11\/DSC_1837-4.jpg",340,272,false],"woocommerce_thumbnail":["https:\/\/cervesaguineu.net\/wp-content\/uploads\/2025\/11\/DSC_1837-4-300x272.jpg",300,272,true],"woocommerce_single":["https:\/\/cervesaguineu.net\/wp-content\/uploads\/2025\/11\/DSC_1837-4.jpg",340,272,false],"woocommerce_gallery_thumbnail":["https:\/\/cervesaguineu.net\/wp-content\/uploads\/2025\/11\/DSC_1837-4-100x100.jpg",100,100,true]},"uagb_author_info":{"display_name":"679300pwpadmin","author_link":"https:\/\/cervesaguineu.net\/es\/author\/"},"uagb_comment_info":0,"uagb_excerpt":"D&#8217;aroma resinosa per\u00f2 amb notes de fruita en boca. T\u00e9 un cos lleuger tot i els seus 7&#8217;5 graus. D&#8217;amargor llarga per\u00f2 integrada. 150 IBU que t&#8217;esgarrapen sense que te [&hellip;]","jetpack_sharing_enabled":true,"_links":{"self":[{"href":"https:\/\/cervesaguineu.net\/es\/wp-json\/wp\/v2\/product\/698","targetHints":{"allow":["GET"]}}],"collection":[{"href":"https:\/\/cervesaguineu.net\/es\/wp-json\/wp\/v2\/product"}],"about":[{"href":"https:\/\/cervesaguineu.net\/es\/wp-json\/wp\/v2\/types\/product"}],"replies":[{"embeddable":true,"href":"https:\/\/cervesaguineu.net\/es\/wp-json\/wp\/v2\/comments?post=698"}],"wp:featuredmedia":[{"embeddable":true,"href":"https:\/\/cervesaguineu.net\/es\/wp-json\/wp\/v2\/media\/261"}],"wp:attachment":[{"href":"https:\/\/cervesaguineu.net\/es\/wp-json\/wp\/v2\/media?parent=698"}],"wp:term":[{"taxonomy":"product_brand","embeddable":true,"href":"https:\/\/cervesaguineu.net\/es\/wp-json\/wp\/v2\/product_brand?post=698"},{"taxonomy":"product_cat","embeddable":true,"href":"https:\/\/cervesaguineu.net\/es\/wp-json\/wp\/v2\/product_cat?post=698"},{"taxonomy":"product_tag","embeddable":true,"href":"https:\/\/cervesaguineu.net\/es\/wp-json\/wp\/v2\/product_tag?post=698"}],"curies":[{"name":"wp","href":"https:\/\/api.w.org\/{rel}","templated":true}]}}