{"id":684,"date":"2025-11-25T12:23:53","date_gmt":"2025-11-25T12:23:53","guid":{"rendered":"https:\/\/cervesaguineu.net\/?post_type=product&#038;p=684"},"modified":"2025-11-25T14:28:31","modified_gmt":"2025-11-25T14:28:31","slug":"ipa-amarillo","status":"publish","type":"product","link":"https:\/\/cervesaguineu.net\/es\/producto\/ipa-amarillo\/","title":{"rendered":"IPA Amarillo"},"content":{"rendered":"<p>IPA d&#8217;estil americ\u00e0, rossa, de cos lleeuger i escuma cremosa. De gust potent pero equilibrat. La seva amargor \u00e9s llarga i seca. Recepta amb\u00a0 4 ll\u00fapols on destaca l&#8217;Amarillo, tant en sabor com en aroma.<\/p>\n<p><strong>Per\u00f2 qu\u00e8 \u00e9s una IPA (Indian Pale Ale)?<\/strong><\/p>\n<p>La IPA \u00e9s una cervesa de tradici\u00f3 anglesa, rossa (Pale), i escuma que s&#8217;obt\u00e9 mitjan\u00e7ant l&#8217;alta fermentaci\u00f3 (ALE). El seu nom el trobem en el seu origen com a cervesa creada pels anglesos per adaptar-se durant la seva expansi\u00f3 comercial cap a la \u00cdndia. Per tal que la cervesa arrib\u00e9s en bones condicions despr\u00e9s d&#8217;un llarg viatge, li van aportar m\u00e9s ll\u00fapol, que actua com a conservant natrual. Aix\u00f2 va fer que al mateix temps increment\u00e9s la seva armargor. La influ\u00e8ncia \u00cdndia es nota per ser una varietat arom\u00e0tica, floral i especiada.<\/p>\n<p><strong>I el ll\u00fapol Amarillo?<\/strong><\/p>\n<p>Aquest fou descobert a EEUU durant el s. XX, on creixia de manera salvatge. Es caracteritza per tenir un aroma de c\u00edtrics molt present.<\/p>","protected":false},"excerpt":{"rendered":"<p>IPA d&#8217;estil americ\u00e0, rossa, de cos lleeuger i escuma cremosa. De gust potent pero equilibrat. La seva amargor \u00e9s llarga i seca. Recepta amb\u00a0 4 ll\u00fapols on destaca l&#8217;Amarillo, tant [&hellip;]<\/p>\n","protected":false},"featured_media":263,"comment_status":"open","ping_status":"closed","template":"","meta":{"_coblocks_attr":"","_coblocks_dimensions":"","_coblocks_responsive_height":"","_coblocks_accordion_ie_support":"","_surecart_dashboard_logo_width":"180px","_surecart_dashboard_show_logo":true,"_surecart_dashboard_navigation_orders":true,"_surecart_dashboard_navigation_invoices":true,"_surecart_dashboard_navigation_subscriptions":true,"_surecart_dashboard_navigation_downloads":true,"_surecart_dashboard_navigation_billing":true,"_surecart_dashboard_navigation_account":true,"_uag_custom_page_level_css":"","site-sidebar-layout":"default","site-content-layout":"","ast-site-content-layout":"default","site-content-style":"default","site-sidebar-style":"default","ast-global-header-display":"","ast-banner-title-visibility":"","ast-main-header-display":"","ast-hfb-above-header-display":"","ast-hfb-below-header-display":"","ast-hfb-mobile-header-display":"","site-post-title":"","ast-breadcrumbs-content":"","ast-featured-img":"","footer-sml-layout":"","ast-disable-related-posts":"","theme-transparent-header-meta":"default","adv-header-id-meta":"","stick-header-meta":"","header-above-stick-meta":"","header-main-stick-meta":"","header-below-stick-meta":"","astra-migrate-meta-layouts":"set","ast-page-background-enabled":"default","ast-page-background-meta":{"desktop":{"background-color":"var(--ast-global-color-4)","background-image":"","background-repeat":"repeat","background-position":"center center","background-size":"auto","background-attachment":"scroll","background-type":"","background-media":"","overlay-type":"","overlay-color":"","overlay-opacity":"","overlay-gradient":""},"tablet":{"background-color":"","background-image":"","background-repeat":"repeat","background-position":"center center","background-size":"auto","background-attachment":"scroll","background-type":"","background-media":"","overlay-type":"","overlay-color":"","overlay-opacity":"","overlay-gradient":""},"mobile":{"background-color":"","background-image":"","background-repeat":"repeat","background-position":"center center","background-size":"auto","background-attachment":"scroll","background-type":"","background-media":"","overlay-type":"","overlay-color":"","overlay-opacity":"","overlay-gradient":""}},"ast-content-background-meta":{"desktop":{"background-color":"var(--ast-global-color-5)","background-image":"","background-repeat":"repeat","background-position":"center center","background-size":"auto","background-attachment":"scroll","background-type":"","background-media":"","overlay-type":"","overlay-color":"","overlay-opacity":"","overlay-gradient":""},"tablet":{"background-color":"var(--ast-global-color-5)","background-image":"","background-repeat":"repeat","background-position":"center center","background-size":"auto","background-attachment":"scroll","background-type":"","background-media":"","overlay-type":"","overlay-color":"","overlay-opacity":"","overlay-gradient":""},"mobile":{"background-color":"var(--ast-global-color-5)","background-image":"","background-repeat":"repeat","background-position":"center center","background-size":"auto","background-attachment":"scroll","background-type":"","background-media":"","overlay-type":"","overlay-color":"","overlay-opacity":"","overlay-gradient":""}},"_price":"2.55","_stock":null,"_tribe_ticket_header":"","_tribe_default_ticket_provider":"","_tribe_ticket_capacity":"","_ticket_start_date":"","_ticket_end_date":"","_tribe_ticket_show_description":"","_tribe_ticket_show_not_going":false,"_tribe_ticket_use_global_stock":"","_tribe_ticket_global_stock_level":"","_global_stock_mode":"","_global_stock_cap":"","_tribe_rsvp_for_event":"","_tribe_ticket_going_count":"","_tribe_ticket_not_going_count":"","_tribe_tickets_list":"[]","_tribe_ticket_has_attendee_info_fields":false},"product_brand":[],"product_cat":[20],"product_tag":[],"class_list":{"0":"post-684","1":"product","2":"type-product","3":"status-publish","4":"has-post-thumbnail","6":"product_cat-sin-categorizar","7":"desktop-align-left","8":"tablet-align-left","9":"mobile-align-left","11":"first","12":"outofstock","13":"taxable","14":"shipping-taxable","15":"purchasable","16":"product-type-simple"},"uagb_featured_image_src":{"full":["https:\/\/cervesaguineu.net\/wp-content\/uploads\/2025\/11\/DSC_1833-4.jpg",340,272,false],"thumbnail":["https:\/\/cervesaguineu.net\/wp-content\/uploads\/2025\/11\/DSC_1833-4-150x150.jpg",150,150,true],"medium":["https:\/\/cervesaguineu.net\/wp-content\/uploads\/2025\/11\/DSC_1833-4-300x240.jpg",300,240,true],"medium_large":["https:\/\/cervesaguineu.net\/wp-content\/uploads\/2025\/11\/DSC_1833-4.jpg",340,272,false],"large":["https:\/\/cervesaguineu.net\/wp-content\/uploads\/2025\/11\/DSC_1833-4.jpg",340,272,false],"1536x1536":["https:\/\/cervesaguineu.net\/wp-content\/uploads\/2025\/11\/DSC_1833-4.jpg",340,272,false],"2048x2048":["https:\/\/cervesaguineu.net\/wp-content\/uploads\/2025\/11\/DSC_1833-4.jpg",340,272,false],"trp-custom-language-flag":["https:\/\/cervesaguineu.net\/wp-content\/uploads\/2025\/11\/DSC_1833-4-15x12.jpg",15,12,true],"mailpoet_newsletter_max":["https:\/\/cervesaguineu.net\/wp-content\/uploads\/2025\/11\/DSC_1833-4.jpg",340,272,false],"woocommerce_thumbnail":["https:\/\/cervesaguineu.net\/wp-content\/uploads\/2025\/11\/DSC_1833-4-300x272.jpg",300,272,true],"woocommerce_single":["https:\/\/cervesaguineu.net\/wp-content\/uploads\/2025\/11\/DSC_1833-4.jpg",340,272,false],"woocommerce_gallery_thumbnail":["https:\/\/cervesaguineu.net\/wp-content\/uploads\/2025\/11\/DSC_1833-4-100x100.jpg",100,100,true]},"uagb_author_info":{"display_name":"679300pwpadmin","author_link":"https:\/\/cervesaguineu.net\/es\/author\/"},"uagb_comment_info":0,"uagb_excerpt":"IPA d&#8217;estil americ\u00e0, rossa, de cos lleeuger i escuma cremosa. De gust potent pero equilibrat. La seva amargor \u00e9s llarga i seca. Recepta amb\u00a0 4 ll\u00fapols on destaca l&#8217;Amarillo, tant [&hellip;]","jetpack_sharing_enabled":true,"_links":{"self":[{"href":"https:\/\/cervesaguineu.net\/es\/wp-json\/wp\/v2\/product\/684","targetHints":{"allow":["GET"]}}],"collection":[{"href":"https:\/\/cervesaguineu.net\/es\/wp-json\/wp\/v2\/product"}],"about":[{"href":"https:\/\/cervesaguineu.net\/es\/wp-json\/wp\/v2\/types\/product"}],"replies":[{"embeddable":true,"href":"https:\/\/cervesaguineu.net\/es\/wp-json\/wp\/v2\/comments?post=684"}],"wp:featuredmedia":[{"embeddable":true,"href":"https:\/\/cervesaguineu.net\/es\/wp-json\/wp\/v2\/media\/263"}],"wp:attachment":[{"href":"https:\/\/cervesaguineu.net\/es\/wp-json\/wp\/v2\/media?parent=684"}],"wp:term":[{"taxonomy":"product_brand","embeddable":true,"href":"https:\/\/cervesaguineu.net\/es\/wp-json\/wp\/v2\/product_brand?post=684"},{"taxonomy":"product_cat","embeddable":true,"href":"https:\/\/cervesaguineu.net\/es\/wp-json\/wp\/v2\/product_cat?post=684"},{"taxonomy":"product_tag","embeddable":true,"href":"https:\/\/cervesaguineu.net\/es\/wp-json\/wp\/v2\/product_tag?post=684"}],"curies":[{"name":"wp","href":"https:\/\/api.w.org\/{rel}","templated":true}]}}