{"id":634,"date":"2025-11-19T21:44:06","date_gmt":"2025-11-19T21:44:06","guid":{"rendered":"https:\/\/cervesaguineu.net\/?post_type=product&#038;p=634"},"modified":"2025-11-25T14:27:00","modified_gmt":"2025-11-25T14:27:00","slug":"latitud-41","status":"publish","type":"product","link":"https:\/\/cervesaguineu.net\/es\/producto\/latitud-41\/","title":{"rendered":"Latitud 41 (4 unitats)"},"content":{"rendered":"<p>Lager suau, fresca, amb poc ll\u00fapol que deixa el protagonisme a les maltes i al llevat. Aquests, combinats, donen notes de briox i crosta de pa. El puntet dol\u00e7 de la malta &#8220;Carapils&#8221; i el puntet c\u00edtric del ll\u00fapol en aroma fan d&#8217;aquesta lager una cervesa apta per a tots els p\u00fablics. A m\u00e9s a m\u00e9s, es una cervesa apta per a cel\u00edacs i intolerants al gluten.<\/p>\n<p>Per\u00f2 qu\u00e8 \u00e9s una cervesa estil lager?<\/p>\n<p>La cervesa lager es caracteritza pel proc\u00e9s de fermentaci\u00f3. Aquest es produeix a baixa temperatura per un per\u00edode de quatre o m\u00e9s setmanes. El nom prov\u00e9 d&#8217;una antiga costum dels cerveses bavaresos, que emmagatzemaven (en alemany lagern) la cervesa en subterranis i coves. D&#8217;aquesta manera s&#8217;obt\u00e9 una cervesa m\u00e9s clara, amb m\u00e9s sabor, per consumir a menor temperatura que altres tipus de cervesa.<\/p>","protected":false},"excerpt":{"rendered":"<p>Cervesa estil lager, sense gluten.<\/p>","protected":false},"featured_media":269,"comment_status":"open","ping_status":"closed","template":"","meta":{"_coblocks_attr":"","_coblocks_dimensions":"","_coblocks_responsive_height":"","_coblocks_accordion_ie_support":"","_surecart_dashboard_logo_width":"180px","_surecart_dashboard_show_logo":true,"_surecart_dashboard_navigation_orders":true,"_surecart_dashboard_navigation_invoices":true,"_surecart_dashboard_navigation_subscriptions":true,"_surecart_dashboard_navigation_downloads":true,"_surecart_dashboard_navigation_billing":true,"_surecart_dashboard_navigation_account":true,"_uag_custom_page_level_css":"","site-sidebar-layout":"default","site-content-layout":"","ast-site-content-layout":"default","site-content-style":"default","site-sidebar-style":"default","ast-global-header-display":"","ast-banner-title-visibility":"","ast-main-header-display":"","ast-hfb-above-header-display":"","ast-hfb-below-header-display":"","ast-hfb-mobile-header-display":"","site-post-title":"","ast-breadcrumbs-content":"","ast-featured-img":"","footer-sml-layout":"","ast-disable-related-posts":"","theme-transparent-header-meta":"default","adv-header-id-meta":"","stick-header-meta":"","header-above-stick-meta":"","header-main-stick-meta":"","header-below-stick-meta":"","astra-migrate-meta-layouts":"set","ast-page-background-enabled":"default","ast-page-background-meta":{"desktop":{"background-color":"var(--ast-global-color-4)","background-image":"","background-repeat":"repeat","background-position":"center center","background-size":"auto","background-attachment":"scroll","background-type":"","background-media":"","overlay-type":"","overlay-color":"","overlay-opacity":"","overlay-gradient":""},"tablet":{"background-color":"","background-image":"","background-repeat":"repeat","background-position":"center center","background-size":"auto","background-attachment":"scroll","background-type":"","background-media":"","overlay-type":"","overlay-color":"","overlay-opacity":"","overlay-gradient":""},"mobile":{"background-color":"","background-image":"","background-repeat":"repeat","background-position":"center center","background-size":"auto","background-attachment":"scroll","background-type":"","background-media":"","overlay-type":"","overlay-color":"","overlay-opacity":"","overlay-gradient":""}},"ast-content-background-meta":{"desktop":{"background-color":"var(--ast-global-color-5)","background-image":"","background-repeat":"repeat","background-position":"center center","background-size":"auto","background-attachment":"scroll","background-type":"","background-media":"","overlay-type":"","overlay-color":"","overlay-opacity":"","overlay-gradient":""},"tablet":{"background-color":"var(--ast-global-color-5)","background-image":"","background-repeat":"repeat","background-position":"center center","background-size":"auto","background-attachment":"scroll","background-type":"","background-media":"","overlay-type":"","overlay-color":"","overlay-opacity":"","overlay-gradient":""},"mobile":{"background-color":"var(--ast-global-color-5)","background-image":"","background-repeat":"repeat","background-position":"center center","background-size":"auto","background-attachment":"scroll","background-type":"","background-media":"","overlay-type":"","overlay-color":"","overlay-opacity":"","overlay-gradient":""}},"_price":"10.00","_stock":"160","_tribe_ticket_header":"","_tribe_default_ticket_provider":"","_tribe_ticket_capacity":"","_ticket_start_date":"","_ticket_end_date":"","_tribe_ticket_show_description":"","_tribe_ticket_show_not_going":false,"_tribe_ticket_use_global_stock":"","_tribe_ticket_global_stock_level":"","_global_stock_mode":"","_global_stock_cap":"","_tribe_rsvp_for_event":"","_tribe_ticket_going_count":"","_tribe_ticket_not_going_count":"","_tribe_tickets_list":"[]","_tribe_ticket_has_attendee_info_fields":false},"product_brand":[],"product_cat":[20],"product_tag":[],"class_list":{"0":"post-634","1":"product","2":"type-product","3":"status-publish","4":"has-post-thumbnail","6":"product_cat-sin-categorizar","7":"desktop-align-left","8":"tablet-align-left","9":"mobile-align-left","11":"first","12":"instock","13":"taxable","14":"shipping-taxable","15":"purchasable","16":"product-type-simple"},"uagb_featured_image_src":{"full":["https:\/\/cervesaguineu.net\/wp-content\/uploads\/2025\/11\/DSC_1815-4.jpg",340,272,false],"thumbnail":["https:\/\/cervesaguineu.net\/wp-content\/uploads\/2025\/11\/DSC_1815-4-150x150.jpg",150,150,true],"medium":["https:\/\/cervesaguineu.net\/wp-content\/uploads\/2025\/11\/DSC_1815-4-300x240.jpg",300,240,true],"medium_large":["https:\/\/cervesaguineu.net\/wp-content\/uploads\/2025\/11\/DSC_1815-4.jpg",340,272,false],"large":["https:\/\/cervesaguineu.net\/wp-content\/uploads\/2025\/11\/DSC_1815-4.jpg",340,272,false],"1536x1536":["https:\/\/cervesaguineu.net\/wp-content\/uploads\/2025\/11\/DSC_1815-4.jpg",340,272,false],"2048x2048":["https:\/\/cervesaguineu.net\/wp-content\/uploads\/2025\/11\/DSC_1815-4.jpg",340,272,false],"trp-custom-language-flag":["https:\/\/cervesaguineu.net\/wp-content\/uploads\/2025\/11\/DSC_1815-4-15x12.jpg",15,12,true],"mailpoet_newsletter_max":["https:\/\/cervesaguineu.net\/wp-content\/uploads\/2025\/11\/DSC_1815-4.jpg",340,272,false],"woocommerce_thumbnail":["https:\/\/cervesaguineu.net\/wp-content\/uploads\/2025\/11\/DSC_1815-4-300x272.jpg",300,272,true],"woocommerce_single":["https:\/\/cervesaguineu.net\/wp-content\/uploads\/2025\/11\/DSC_1815-4.jpg",340,272,false],"woocommerce_gallery_thumbnail":["https:\/\/cervesaguineu.net\/wp-content\/uploads\/2025\/11\/DSC_1815-4-100x100.jpg",100,100,true]},"uagb_author_info":{"display_name":"679300pwpadmin","author_link":"https:\/\/cervesaguineu.net\/es\/author\/"},"uagb_comment_info":0,"uagb_excerpt":"Cervesa estil lager, sense gluten.","jetpack_sharing_enabled":true,"_links":{"self":[{"href":"https:\/\/cervesaguineu.net\/es\/wp-json\/wp\/v2\/product\/634","targetHints":{"allow":["GET"]}}],"collection":[{"href":"https:\/\/cervesaguineu.net\/es\/wp-json\/wp\/v2\/product"}],"about":[{"href":"https:\/\/cervesaguineu.net\/es\/wp-json\/wp\/v2\/types\/product"}],"replies":[{"embeddable":true,"href":"https:\/\/cervesaguineu.net\/es\/wp-json\/wp\/v2\/comments?post=634"}],"wp:featuredmedia":[{"embeddable":true,"href":"https:\/\/cervesaguineu.net\/es\/wp-json\/wp\/v2\/media\/269"}],"wp:attachment":[{"href":"https:\/\/cervesaguineu.net\/es\/wp-json\/wp\/v2\/media?parent=634"}],"wp:term":[{"taxonomy":"product_brand","embeddable":true,"href":"https:\/\/cervesaguineu.net\/es\/wp-json\/wp\/v2\/product_brand?post=634"},{"taxonomy":"product_cat","embeddable":true,"href":"https:\/\/cervesaguineu.net\/es\/wp-json\/wp\/v2\/product_cat?post=634"},{"taxonomy":"product_tag","embeddable":true,"href":"https:\/\/cervesaguineu.net\/es\/wp-json\/wp\/v2\/product_tag?post=634"}],"curies":[{"name":"wp","href":"https:\/\/api.w.org\/{rel}","templated":true}]}}