{"id":670,"date":"2025-11-25T05:08:53","date_gmt":"2025-11-25T05:08:53","guid":{"rendered":"https:\/\/cervesaguineu.net\/?page_id=670"},"modified":"2025-11-25T05:17:29","modified_gmt":"2025-11-25T05:17:29","slug":"politica-de-cookies","status":"publish","type":"page","link":"https:\/\/cervesaguineu.net\/es\/politica-de-cookies\/","title":{"rendered":"Pol\u00edtica de cookies"},"content":{"rendered":"<div data-elementor-type=\"wp-page\" data-elementor-id=\"670\" class=\"elementor elementor-670\">\n\t\t\t\t<div class=\"elementor-element elementor-element-bb9a2f8 e-flex e-con-boxed e-con e-parent\" data-id=\"bb9a2f8\" data-element_type=\"container\" data-e-type=\"container\">\n\t\t\t\t\t<div class=\"e-con-inner\">\n\t\t\t\t\t<\/div>\n\t\t\t\t<\/div>\n\t\t<div class=\"elementor-element elementor-element-25f67ec e-flex e-con-boxed e-con e-parent\" data-id=\"25f67ec\" data-element_type=\"container\" data-e-type=\"container\">\n\t\t\t\t\t<div class=\"e-con-inner\">\n\t\t\t\t<div class=\"elementor-element elementor-element-47a96cc4 elementor-widget elementor-widget-text-editor\" data-id=\"47a96cc4\" data-element_type=\"widget\" data-e-type=\"widget\" data-widget_type=\"text-editor.default\">\n\t\t\t\t\t\t\t\t\t\n<p>De conformidad con la normativa espa\u00f1ola que regula el uso de cookies en relaci\u00f3n a la prestaci\u00f3n de servicios de comunicaciones electr\u00f3nicas, recogida en el Real Decreto-ley 13\/2012, de 30 de marzo, le informamos sobre las cookies utilizadas en el sitio web de <strong>Companyia Cervesera del Montseny, S.L.<\/strong> (en adelante, el \u201c<strong>Companyia Cervesera del Montseny<\/strong>\u201d) y el motivo de su uso. Asimismo, <strong>Companyia Cervesera del Montseny<\/strong> le informa de que al navegar en el Sitio Web usted est\u00e1 prestando su consentimiento para poder utilizarlas<\/p>\n\n\n\n<p>Las cookies utilizadas en nuestro Sitio Web, son propias y de terceros, y nos permiten almacenar y acceder a informaci\u00f3n relativa al idioma, el tipo de navegador utilizado, y otras caracter\u00edsticas generales predefinidas por el usuario, as\u00ed como, seguir y analizar la actividad que lleva a cabo, con el objeto de introducir mejoras y prestar nuestros servicios de una manera m\u00e1s eficiente y personalizada.<strong> Companyia Cervesera del Montseny<\/strong> no utiliza cookies publicitarias o de publicidad comportamental.<\/p>\n\n\n\n<p>La utilizaci\u00f3n de las cookies ofrece numerosas ventajas en la prestaci\u00f3n de servicios de la sociedad de la informaci\u00f3n, puesto que, entre otras: (i) facilita al usuario la navegaci\u00f3n en el Sitio Web y el acceso a los diferentes servicios que ofrece; (ii) evita al usuario configurar las caracter\u00edsticas generales predefinidas cada vez que accede al Sitio Web; (iii) favorece la mejora del funcionamiento y de los servicios prestados a trav\u00e9s del Sitio Web, tras el correspondiente an\u00e1lisis de la informaci\u00f3n obtenida a trav\u00e9s de las cookies instaladas.<\/p>\n\n\n\n<p>No obstante, puede configurar su navegador, aceptando o rechazando todas las cookies, o bien seleccionar aqu\u00e9llas cuya instalaci\u00f3n admite y cu\u00e1les no, siguiendo uno de los siguientes procedimientos, dependiendo del navegador utilizado:<\/p>\n\n\n\n<p><strong>Google Chrome<\/strong> (en el Men\u00fa Herramientas)<br>Configuraci\u00f3n &gt; Mostrar opciones avanzadas &gt; Privacidad (Configuraci\u00f3n de Contenido) &gt; Cookies<br>M\u00e1s informaci\u00f3n: <a href=\"https:\/\/support.google.com\/chrome\/answer\/95647?hl=es%20%20\">https:\/\/support.google.com\/chrome\/answer\/95647?hl=es<\/a><\/p>\n\n\n\n<p><strong>Microsoft Internet Explorer<\/strong> (en el Men\u00fa Herramientas)<br>Opciones de Internet &gt; Privacidad &gt; Avanzada<br>M\u00e1s informaci\u00f3n: <a href=\"http:\/\/windows.microsoft.com\/es-es\/internet-explorer\/delete-manage-cookies%23ie=ie-9%20%20\">http:\/\/windows.microsoft.com\/es-es\/internet-explorer\/delete-manage-cookies#ie=ie-9<\/a><\/p>\n\n\n\n<p><strong>Firefox<br><\/strong>Opciones &gt; Privacidad &gt; Cookies<br>M\u00e1s informaci\u00f3n: <a href=\"http:\/\/support.mozilla.org\/es\/kb\/habilitar-y-deshabilitar-cookies-que-los-sitios-we%20%20\">http:\/\/support.mozilla.org\/es\/kb\/habilitar-y-deshabilitar-cookies-que-los-sitios-we<\/a><\/p>\n\n\n\n<p><strong>Safari<\/strong>, iPad y iPhone<br>Preferencias &gt; Privacidad<br>M\u00e1s informaci\u00f3n: <a href=\"http:\/\/www.apple.com\/es\/privacy\/use-of-cookies\/%20%20\">http:\/\/www.apple.com\/es\/privacy\/use-of-cookies\/<\/a><\/p>\n\n\n\n<p><strong>Opera<br><\/strong>Configuraci\u00f3n &gt; Opciones &gt; Avanzado &gt; Cookies<br>M\u00e1s informaci\u00f3n: <a href=\"http:\/\/help.opera.com\/Linux\/10.60\/es-ES\/cookies.html%20%20\">http:\/\/help.opera.com\/Linux\/10.60\/es-ES\/cookies.html<\/a><\/p>\n\n\n\n<p><strong>Companyia Cervesera del Montseny<\/strong> utiliza en su Sitio Web:<\/p>\n\n\n\n<figure class=\"wp-block-table\"><table class=\"has-fixed-layout\"><thead><tr><td><strong>Cookie<\/strong><\/td><td><strong>Nombre<\/strong><\/td><td><strong>Finalidad<\/strong><\/td><td><strong>M\u00e1s informaci\u00f3n<\/strong><\/td><\/tr><\/thead><tbody><tr><td>Google Analytics<\/td><td>__utma<\/td><td>Esta cookie mantiene un registro del n\u00famero de veces que un usuario ha estado en un sitio, cuando fue su primera visita, y cuando se produjo su \u00faltima visita.<\/td><td><a href=\"http:\/\/www.google.es\/intl\/es\/policies\/privacy\/\">\u2013 Centro de privacidad de Google<\/a> <a href=\"https:\/\/tools.google.com\/dlpage\/gaoptout?hl=es\">\u2013 Complemento de inhabilitaci\u00f3n de Google Analytics<\/a><\/td><\/tr><tr><td>Google Analytics<\/td><td>__utmb<\/td><td>Esta cookie ayuda a calcular cu\u00e1nto tiempo dura la visita de un usuario almacenando el momento en el que entr\u00f3.<\/td><td><a href=\"http:\/\/www.google.es\/intl\/es\/policies\/privacy\/\">\u2013 Centro de privacidad de Google<\/a> <a href=\"https:\/\/tools.google.com\/dlpage\/gaoptout?hl=es\">\u2013 Complemento de inhabilitaci\u00f3n de Google Analytics<\/a><\/td><\/tr><tr><td>Google Analytics<\/td><td>__utmc<\/td><td>Esta cookie ayuda a calcular cu\u00e1nto tiempo dura la visita de un usuario almacenando el momento en el que sale de la p\u00e1gina.<\/td><td><a href=\"http:\/\/www.google.es\/intl\/es\/policies\/privacy\/\">\u2013 Centro de privacidad de Google<\/a> <a href=\"https:\/\/tools.google.com\/dlpage\/gaoptout?hl=es\">\u2013 Complemento de inhabilitaci\u00f3n de Google Analytics<\/a><\/td><\/tr><tr><td>Google Analytics<\/td><td>__utmz<\/td><td>Esta cookie mantiene un seguimiento de d\u00f3nde proviene el visitante, qu\u00e9 motor de b\u00fasqueda se utiliz\u00f3, en que enlace hizo click, qu\u00e9 palabras clave utiliz\u00f3 y desde en qu\u00e9 lugar del mundo se accedi\u00f3 a la p\u00e1gina.<\/td><td><a href=\"http:\/\/www.google.es\/intl\/es\/policies\/privacy\/\">\u2013 Centro de privacidad de Google<\/a> <a href=\"https:\/\/tools.google.com\/dlpage\/gaoptout?hl=es\">\u2013 Complemento de inhabilitaci\u00f3n de Google Analytics<\/a><\/td><\/tr><tr><td>Google Analytics<\/td><td>__utmli<\/td><td>Estas cookies de Google Analytics generan un ID de usuario an\u00f3nimo, que es el que se utiliza para hacer recuento de cuantas veces visita el sitio un usuario. Tambi\u00e9n registra cuando fue la primera y la \u00faltima vez que visit\u00f3 la web. Asimismo, calcula cuando se ha terminado una sesi\u00f3n, origen del usuario, y keywords.<\/td><td><a href=\"http:\/\/www.google.es\/intl\/es\/policies\/privacy\/\">\u2013 Centro de privacidad de Google<\/a> <a href=\"https:\/\/tools.google.com\/dlpage\/gaoptout?hl=es\">\u2013 Complemento de inhabilitaci\u00f3n de Google Analytics<\/a><\/td><\/tr><tr><td>DoubleClick<\/td><td><\/td><td>DoubleClick utiliza cookies para mejorar la publicidad. Suelen utilizarse para orientar la publicidad seg\u00fan el contenido que es relevante para un usuario, mejorar los informes de rendimiento de la campa\u00f1a y evitar mostrar anuncios que el usuario ya haya visto. Las cookies de DoubleClick no contienen informaci\u00f3n de identificaci\u00f3n personal.<\/td><td><a href=\"https:\/\/cervesamontseny.cat\/home\/gerard\/Escriptori\/ccm\/pol%C3%ADtica%20de%20privacidad%20de%20DoubleClick\">-Pol\u00edtica de privacidad de DoubleClick<\/a><\/td><\/tr><tr><td>YouTube<\/td><td>Visitor_Info1 _Live<\/td><td>Su prop\u00f3sito es estimar el ancho de banda del Usuario.<\/td><td>\u2013<a href=\"http:\/\/www.youtube.com\/static?gl=ES&amp;template=terms&amp;hl=es\">Pol\u00edtica de privacidad<\/a><\/td><\/tr><tr><td>YouTube<\/td><td>use_hitbox<\/td><td>Su prop\u00f3sito es incrementar el contador de visitas de Usuarios a un determinado v\u00eddeo de YouTube.<\/td><td>\u2013<a href=\"http:\/\/www.youtube.com\/static?gl=ES&amp;template=terms&amp;hl=es\">Pol\u00edtica de privacidad<\/a><\/td><\/tr><tr><td>YouTube<\/td><td>PREF<\/td><td>Su finalidad es guardar las preferencias de sesi\u00f3n sobre la actividad de visionado durante la navegaci\u00f3n del Usuario. Estas cookies no almacenan informaci\u00f3n que nos permita identificar al Usuario.<\/td><td>\u2013<a href=\"http:\/\/www.youtube.com\/static?gl=ES&amp;template=terms&amp;hl=es\">Pol\u00edtica de privacidad<\/a><\/td><\/tr><\/tbody><\/table><\/figure>\n\n\n\n<p>En otros sitios de <strong>Companyia Cervesera del Montseny<\/strong> se instalan cookies de terceros a todos sus visitantes, aunque no sean usuarios registrados en las correspondientes plataformas:<\/p>\n\n\n\n<ul class=\"wp-block-list\">\n<li><strong>Companyia Cervesera del Montseny<\/strong> en Facebook. <em>Cookies<\/em>: datr, reg_fb_gate y reg_fb_ref. Sus finalidades est\u00e1n descritas en la <a href=\"https:\/\/www.facebook.com\/help\/cookies\" target=\"_blank\" rel=\"noreferrer noopener\">P\u00e1gina de Cookies de Facebook<\/a>.<\/li>\n\n\n\n<li><strong>Companyia Cervesera del Montseny<\/strong> en X. <em>Cookies<\/em>: guest_id, __utma, __utmb, __utmc, __utmz, original_referer y _twitter_sess. Sus finalidades est\u00e1n descritas en la <a href=\"https:\/\/twitter.com\/privacy\" target=\"_blank\" rel=\"noreferrer noopener\">P\u00e1gina de Privacidad de X<\/a>.<\/li>\n\n\n\n<li><strong>Companyia Cervesera del Montseny <\/strong>en Instagram. Sus finalidades est\u00e1n descritas en la <a href=\"http:\/\/instagram.com\/legal\/cookies\/\">P\u00e1gina de Cookies de Instagram<\/a>.<\/li>\n<\/ul>\n\n\n\n<figure class=\"wp-block-image\"><a href=\"https:\/\/cervesamontseny.cat\"><img decoding=\"async\" src=\"https:\/\/cervesamontseny.cat\/wp-content\/uploads\/2016\/05\/logo-fixed.png\" alt=\"logo\" title=\"Pol\u00edtica de cookies\"><\/a><\/figure>\n\n\n\n<p><\/p>\n\t\t\t\t\t\t\t\t<\/div>\n\t\t\t\t\t<\/div>\n\t\t\t\t<\/div>\n\t\t<div class=\"elementor-element elementor-element-3e3cebe e-flex e-con-boxed e-con e-parent\" data-id=\"3e3cebe\" data-element_type=\"container\" data-e-type=\"container\">\n\t\t\t\t\t<div class=\"e-con-inner\">\n\t\t\t\t<div class=\"elementor-element elementor-element-afbcf83 elementor-widget-divider--view-line elementor-widget elementor-widget-divider\" data-id=\"afbcf83\" data-element_type=\"widget\" data-e-type=\"widget\" data-widget_type=\"divider.default\">\n\t\t\t\t\t\t\t<div class=\"elementor-divider\">\n\t\t\t<span class=\"elementor-divider-separator\">\n\t\t\t\t\t\t<\/span>\n\t\t<\/div>\n\t\t\t\t\t\t<\/div>\n\t\t\t\t\t<\/div>\n\t\t\t\t<\/div>\n\t\t\t\t<\/div>","protected":false},"excerpt":{"rendered":"<p>De conformidad con la normativa espa\u00f1ola que regula el uso de cookies en relaci\u00f3n a la prestaci\u00f3n de servicios de comunicaciones electr\u00f3nicas, recogida en el Real Decreto-ley 13\/2012, de 30 [&hellip;]<\/p>\n","protected":false},"author":1,"featured_media":0,"parent":0,"menu_order":0,"comment_status":"closed","ping_status":"closed","template":"","meta":{"_coblocks_attr":"","_coblocks_dimensions":"","_coblocks_responsive_height":"","_coblocks_accordion_ie_support":"","_surecart_dashboard_logo_width":"180px","_surecart_dashboard_show_logo":true,"_surecart_dashboard_navigation_orders":true,"_surecart_dashboard_navigation_invoices":true,"_surecart_dashboard_navigation_subscriptions":true,"_surecart_dashboard_navigation_downloads":true,"_surecart_dashboard_navigation_billing":true,"_surecart_dashboard_navigation_account":true,"_uag_custom_page_level_css":"","site-sidebar-layout":"default","site-content-layout":"","ast-site-content-layout":"default","site-content-style":"default","site-sidebar-style":"default","ast-global-header-display":"","ast-banner-title-visibility":"","ast-main-header-display":"","ast-hfb-above-header-display":"","ast-hfb-below-header-display":"","ast-hfb-mobile-header-display":"","site-post-title":"","ast-breadcrumbs-content":"","ast-featured-img":"","footer-sml-layout":"","ast-disable-related-posts":"","theme-transparent-header-meta":"","adv-header-id-meta":"","stick-header-meta":"","header-above-stick-meta":"","header-main-stick-meta":"","header-below-stick-meta":"","astra-migrate-meta-layouts":"default","ast-page-background-enabled":"default","ast-page-background-meta":{"desktop":{"background-color":"var(--ast-global-color-4)","background-image":"","background-repeat":"repeat","background-position":"center center","background-size":"auto","background-attachment":"scroll","background-type":"","background-media":"","overlay-type":"","overlay-color":"","overlay-opacity":"","overlay-gradient":""},"tablet":{"background-color":"","background-image":"","background-repeat":"repeat","background-position":"center center","background-size":"auto","background-attachment":"scroll","background-type":"","background-media":"","overlay-type":"","overlay-color":"","overlay-opacity":"","overlay-gradient":""},"mobile":{"background-color":"","background-image":"","background-repeat":"repeat","background-position":"center center","background-size":"auto","background-attachment":"scroll","background-type":"","background-media":"","overlay-type":"","overlay-color":"","overlay-opacity":"","overlay-gradient":""}},"ast-content-background-meta":{"desktop":{"background-color":"var(--ast-global-color-5)","background-image":"","background-repeat":"repeat","background-position":"center center","background-size":"auto","background-attachment":"scroll","background-type":"","background-media":"","overlay-type":"","overlay-color":"","overlay-opacity":"","overlay-gradient":""},"tablet":{"background-color":"var(--ast-global-color-5)","background-image":"","background-repeat":"repeat","background-position":"center center","background-size":"auto","background-attachment":"scroll","background-type":"","background-media":"","overlay-type":"","overlay-color":"","overlay-opacity":"","overlay-gradient":""},"mobile":{"background-color":"var(--ast-global-color-5)","background-image":"","background-repeat":"repeat","background-position":"center center","background-size":"auto","background-attachment":"scroll","background-type":"","background-media":"","overlay-type":"","overlay-color":"","overlay-opacity":"","overlay-gradient":""}},"_price":"","_stock":"","_tribe_ticket_header":"","_tribe_default_ticket_provider":"","_tribe_ticket_capacity":"0","_ticket_start_date":"","_ticket_end_date":"","_tribe_ticket_show_description":"","_tribe_ticket_show_not_going":false,"_tribe_ticket_use_global_stock":"","_tribe_ticket_global_stock_level":"","_global_stock_mode":"","_global_stock_cap":"","_tribe_rsvp_for_event":"","_tribe_ticket_going_count":"","_tribe_ticket_not_going_count":"","_tribe_tickets_list":"[]","_tribe_ticket_has_attendee_info_fields":false,"footnotes":"","_tec_slr_enabled":"","_tec_slr_layout":""},"class_list":["post-670","page","type-page","status-publish","hentry"],"uagb_featured_image_src":{"full":false,"thumbnail":false,"medium":false,"medium_large":false,"large":false,"1536x1536":false,"2048x2048":false,"trp-custom-language-flag":false,"mailpoet_newsletter_max":false,"woocommerce_thumbnail":false,"woocommerce_single":false,"woocommerce_gallery_thumbnail":false},"uagb_author_info":{"display_name":"679300pwpadmin","author_link":"https:\/\/cervesaguineu.net\/es\/author\/679300pwpadmin\/"},"uagb_comment_info":0,"uagb_excerpt":"De conformidad con la normativa espa\u00f1ola que regula el uso de cookies en relaci\u00f3n a la prestaci\u00f3n de servicios de comunicaciones electr\u00f3nicas, recogida en el Real Decreto-ley 13\/2012, de 30 [&hellip;]","jetpack_sharing_enabled":true,"ticketed":false,"_links":{"self":[{"href":"https:\/\/cervesaguineu.net\/es\/wp-json\/wp\/v2\/pages\/670","targetHints":{"allow":["GET"]}}],"collection":[{"href":"https:\/\/cervesaguineu.net\/es\/wp-json\/wp\/v2\/pages"}],"about":[{"href":"https:\/\/cervesaguineu.net\/es\/wp-json\/wp\/v2\/types\/page"}],"author":[{"embeddable":true,"href":"https:\/\/cervesaguineu.net\/es\/wp-json\/wp\/v2\/users\/1"}],"replies":[{"embeddable":true,"href":"https:\/\/cervesaguineu.net\/es\/wp-json\/wp\/v2\/comments?post=670"}],"version-history":[{"count":5,"href":"https:\/\/cervesaguineu.net\/es\/wp-json\/wp\/v2\/pages\/670\/revisions"}],"predecessor-version":[{"id":675,"href":"https:\/\/cervesaguineu.net\/es\/wp-json\/wp\/v2\/pages\/670\/revisions\/675"}],"wp:attachment":[{"href":"https:\/\/cervesaguineu.net\/es\/wp-json\/wp\/v2\/media?parent=670"}],"curies":[{"name":"wp","href":"https:\/\/api.w.org\/{rel}","templated":true}]}}