{"id":668,"date":"2025-11-25T04:59:39","date_gmt":"2025-11-25T04:59:39","guid":{"rendered":"https:\/\/cervesaguineu.net\/?page_id=668"},"modified":"2025-11-25T04:59:39","modified_gmt":"2025-11-25T04:59:39","slug":"politica-de-privacitat-gestio-de-contactes","status":"publish","type":"page","link":"https:\/\/cervesaguineu.net\/es\/politica-de-privacitat-gestio-de-contactes\/","title":{"rendered":"Pol\u00edtica de privacitat (Gesti\u00f3 de contactes)"},"content":{"rendered":"<p><strong>1.- RESPONSABLE<\/strong><\/p>\n\n\n\n<p>Companyia Cervesera del Montseny, S.L. \u2013 C.I.F. B64538101<\/p>\n\n\n\n<p>Direcci\u00f3n de contacto: P.A.E. Avellanet, Del Feu, 15 08553-Sant Miquel de Baleny\u00e0 (Barcelona)<\/p>\n\n\n\n<p>Correo electr\u00f3nico: <a href=\"mailto:info@ccm.cat\">info@ccm.cat<\/a><\/p>\n\n\n\n<p>Tel\u00e9fono de contacto: 938123217<\/p>\n\n\n\n<p>P\u00e1gina web: <a href=\"https:\/\/www.cervesamontseny.cat\/es\/\">www.cervesaguineu.net<\/a><\/p>\n\n\n\n<p><strong>2.- PROCEDENCIA, FINALIDAD Y DESTINATARIOS<\/strong><\/p>\n\n\n\n<p>Se deber\u00e1n cumplimentar verazmente todos los datos solicitados en el formulario de contacto.<\/p>\n\n\n\n<p>\u2013 Datos personales de solicitante.<\/p>\n\n\n\n<p>Los datos personales son proporcionados directamente por los propios interesados con la finalidad de gestionar la solicitud de informaci\u00f3n. Podemos recoger datos personales identificativos y de contacto.<\/p>\n\n\n\n<p>Por \u00faltimo, se enviar\u00e1 informaci\u00f3n por medios electr\u00f3nicos sobre las futuras actividades que lleve a cabo la entidad a aquellos interesados que, debidamente informados durante la recogida de datos no se opongan a ello.<\/p>\n\n\n\n<p>\u2013 Solicitantes de informaci\u00f3n<\/p>\n\n\n\n<p>Los datos personales proceden del propio interesado el cual nos los proporciona al completar el formulario de contacto en la p\u00e1gina web, al llamarnos por tel\u00e9fono, al enviarnos un correo electr\u00f3nico o a trav\u00e9s de consultas en las redes sociales en las que tiene presencia la entidad.<\/p>\n\n\n\n<p>Estos datos se utilizan con la finalidad de resolver las consultas y proporcionar informaci\u00f3n de car\u00e1cter comercial a aquellos que lo demanden o lo autoricen expresamente, principalmente por medio del correo electr\u00f3nico.<\/p>\n\n\n\n<p><strong>3.- LEGITIMACI\u00d3N Y CONSERVACI\u00d3N<\/strong><\/p>\n\n\n\n<p>Legitimaci\u00f3n \u2013 En primer lugar, podemos tratar los datos porque los propios interesados o sus responsables nos los proporcionan para gestionar su registro como usuario en la web.<\/p>\n\n\n\n<p>Tambi\u00e9n pedimos permiso a estas personas para el tratamiento de sus datos, para los casos en los que la legislaci\u00f3n vigente as\u00ed nos lo exige, principalmente en relaci\u00f3n con el env\u00edo de correos electr\u00f3nicos comerciales.<\/p>\n\n\n\n<p>Por \u00faltimo, en ocasiones alguna ley nos va a pedir que presentemos o conservemos determinada documentaci\u00f3n en la que pueden aparecen datos personales de nuestros clientes como puede ser la Ley General Tributaria, por lo que deberemos tratar esos datos en su cumplimiento.<\/p>\n\n\n\n<p>Conservaci\u00f3n \u2013 Una vez los datos no sean necesarios para los fines con los que fueron recogidos, se conservar\u00e1n a disposici\u00f3n de las administraciones p\u00fablicas competentes, jueces y tribunales durante los plazos legales de conservaci\u00f3n, es decir mientras una ley nos pueda exigir que los presentemos. Expirados estos plazos se mantendr\u00e1n bloqueados hasta que sea posible su posterior destrucci\u00f3n o supresi\u00f3n.<\/p>\n\n\n\n<p><strong>4.- DESTINATARIOS FUERA DE LA UNI\u00d3N EUROPEA<\/strong><\/p>\n\n\n\n<p>No cedemos datos personales a terceros ni contamos con proveedores que nos presten servicio basados fuera de la Uni\u00f3n Europea.<\/p>\n\n\n\n<p><strong>5.- CONSENTIMIENTO<\/strong><\/p>\n\n\n\n<p>El consentimiento para los siguientes tratamientos se recoge de manera libre, espec\u00edfica, informada e inequ\u00edvoca mediante casillas en los propios formularios.<\/p>\n\n\n\n<p>Adem\u00e1s, si usted no desea recibir comunicaciones por correo electr\u00f3nico podr\u00e1 oponerse de manera sencilla en los mismos formularios.<\/p>\n\n\n\n<p>\u2013 Oposici\u00f3n a recibir comunicaciones electr\u00f3nicas.<\/p>\n\n\n\n<p><strong>6.- DERECHOS<\/strong><\/p>\n\n\n\n<p>Usted podr\u00e1:<\/p>\n\n\n\n<p>\u2013 Retirar su consentimiento o ejercer sus derechos de:<\/p>\n\n\n\n<ul class=\"wp-block-list\">\n<li>Acceso, o conocer que datos personales tratamos de usted.<\/li>\n\n\n\n<li>Rectificaci\u00f3n, o corregir datos personales incorrectos o inexactos.<\/li>\n\n\n\n<li>Supresi\u00f3n, o a eliminar los datos personales que tenemos de usted.<\/li>\n\n\n\n<li>Oposici\u00f3n, o a que dejemos de tratar sus datos personales.<\/li>\n\n\n\n<li>Limitaci\u00f3n, o a restringir el tratamiento que realizamos.<\/li>\n\n\n\n<li>Portabilidad, o a que le proporcionemos sus datos personales.<\/li>\n<\/ul>\n\n\n\n<p>Sobre los datos de car\u00e1cter personal presentando una copia de un documento identificativo y exponiendo brevemente su caso y el derecho que quiere ejercer, mediante carta dirigida a P.A.E. Avellanet, Del Feu, 15 08553-Sant Miquel de Baleny\u00e0 (Barcelona) o a <a href=\"mailto:info@ccm.cat\">info@ccm.cat<\/a><\/p>\n\n\n\n<p>Puede encontrar m\u00e1s informaci\u00f3n sobre sus derechos o presentar una reclamaci\u00f3n ante la autoridad de control competente en la Agencia Espa\u00f1ola de Protecci\u00f3n de Datos http:\/\/www.agpd.es \u2013 C\/ Jorge Juan, 6. 28001 \u2013 Madrid (901 100 099 \u2013 912 663 517)<\/p>\n\n\n\n<figure class=\"wp-block-image\"><a href=\"https:\/\/cervesamontseny.cat\"><img decoding=\"async\" src=\"https:\/\/cervesamontseny.cat\/wp-content\/uploads\/2016\/05\/logo-fixed.png\" alt=\"logo\" title=\"Pol\u00edtica de privacitat (Gesti\u00f3 de contactes)\"><\/a><\/figure>","protected":false},"excerpt":{"rendered":"<p>1.- RESPONSABLE Companyia Cervesera del Montseny, S.L. \u2013 C.I.F. B64538101 Direcci\u00f3n de contacto: P.A.E. Avellanet, Del Feu, 15 08553-Sant Miquel de Baleny\u00e0 (Barcelona) Correo electr\u00f3nico: info@ccm.cat Tel\u00e9fono de contacto: 938123217 [&hellip;]<\/p>\n","protected":false},"author":1,"featured_media":0,"parent":0,"menu_order":0,"comment_status":"closed","ping_status":"closed","template":"","meta":{"_coblocks_attr":"","_coblocks_dimensions":"","_coblocks_responsive_height":"","_coblocks_accordion_ie_support":"","_surecart_dashboard_logo_width":"180px","_surecart_dashboard_show_logo":true,"_surecart_dashboard_navigation_orders":true,"_surecart_dashboard_navigation_invoices":true,"_surecart_dashboard_navigation_subscriptions":true,"_surecart_dashboard_navigation_downloads":true,"_surecart_dashboard_navigation_billing":true,"_surecart_dashboard_navigation_account":true,"_uag_custom_page_level_css":"","site-sidebar-layout":"default","site-content-layout":"","ast-site-content-layout":"default","site-content-style":"default","site-sidebar-style":"default","ast-global-header-display":"","ast-banner-title-visibility":"","ast-main-header-display":"","ast-hfb-above-header-display":"","ast-hfb-below-header-display":"","ast-hfb-mobile-header-display":"","site-post-title":"","ast-breadcrumbs-content":"","ast-featured-img":"","footer-sml-layout":"","ast-disable-related-posts":"","theme-transparent-header-meta":"","adv-header-id-meta":"","stick-header-meta":"","header-above-stick-meta":"","header-main-stick-meta":"","header-below-stick-meta":"","astra-migrate-meta-layouts":"default","ast-page-background-enabled":"default","ast-page-background-meta":{"desktop":{"background-color":"var(--ast-global-color-4)","background-image":"","background-repeat":"repeat","background-position":"center center","background-size":"auto","background-attachment":"scroll","background-type":"","background-media":"","overlay-type":"","overlay-color":"","overlay-opacity":"","overlay-gradient":""},"tablet":{"background-color":"","background-image":"","background-repeat":"repeat","background-position":"center center","background-size":"auto","background-attachment":"scroll","background-type":"","background-media":"","overlay-type":"","overlay-color":"","overlay-opacity":"","overlay-gradient":""},"mobile":{"background-color":"","background-image":"","background-repeat":"repeat","background-position":"center center","background-size":"auto","background-attachment":"scroll","background-type":"","background-media":"","overlay-type":"","overlay-color":"","overlay-opacity":"","overlay-gradient":""}},"ast-content-background-meta":{"desktop":{"background-color":"var(--ast-global-color-5)","background-image":"","background-repeat":"repeat","background-position":"center center","background-size":"auto","background-attachment":"scroll","background-type":"","background-media":"","overlay-type":"","overlay-color":"","overlay-opacity":"","overlay-gradient":""},"tablet":{"background-color":"var(--ast-global-color-5)","background-image":"","background-repeat":"repeat","background-position":"center center","background-size":"auto","background-attachment":"scroll","background-type":"","background-media":"","overlay-type":"","overlay-color":"","overlay-opacity":"","overlay-gradient":""},"mobile":{"background-color":"var(--ast-global-color-5)","background-image":"","background-repeat":"repeat","background-position":"center center","background-size":"auto","background-attachment":"scroll","background-type":"","background-media":"","overlay-type":"","overlay-color":"","overlay-opacity":"","overlay-gradient":""}},"_price":"","_stock":"","_tribe_ticket_header":"","_tribe_default_ticket_provider":"","_tribe_ticket_capacity":"0","_ticket_start_date":"","_ticket_end_date":"","_tribe_ticket_show_description":"","_tribe_ticket_show_not_going":false,"_tribe_ticket_use_global_stock":"","_tribe_ticket_global_stock_level":"","_global_stock_mode":"","_global_stock_cap":"","_tribe_rsvp_for_event":"","_tribe_ticket_going_count":"","_tribe_ticket_not_going_count":"","_tribe_tickets_list":"[]","_tribe_ticket_has_attendee_info_fields":false,"footnotes":"","_tec_slr_enabled":"","_tec_slr_layout":""},"class_list":["post-668","page","type-page","status-publish","hentry"],"uagb_featured_image_src":{"full":false,"thumbnail":false,"medium":false,"medium_large":false,"large":false,"1536x1536":false,"2048x2048":false,"trp-custom-language-flag":false,"mailpoet_newsletter_max":false,"woocommerce_thumbnail":false,"woocommerce_single":false,"woocommerce_gallery_thumbnail":false},"uagb_author_info":{"display_name":"679300pwpadmin","author_link":"https:\/\/cervesaguineu.net\/es\/author\/679300pwpadmin\/"},"uagb_comment_info":0,"uagb_excerpt":"1.- RESPONSABLE Companyia Cervesera del Montseny, S.L. \u2013 C.I.F. B64538101 Direcci\u00f3n de contacto: P.A.E. Avellanet, Del Feu, 15 08553-Sant Miquel de Baleny\u00e0 (Barcelona) Correo electr\u00f3nico: info@ccm.cat Tel\u00e9fono de contacto: 938123217 [&hellip;]","jetpack_sharing_enabled":true,"ticketed":false,"_links":{"self":[{"href":"https:\/\/cervesaguineu.net\/es\/wp-json\/wp\/v2\/pages\/668","targetHints":{"allow":["GET"]}}],"collection":[{"href":"https:\/\/cervesaguineu.net\/es\/wp-json\/wp\/v2\/pages"}],"about":[{"href":"https:\/\/cervesaguineu.net\/es\/wp-json\/wp\/v2\/types\/page"}],"author":[{"embeddable":true,"href":"https:\/\/cervesaguineu.net\/es\/wp-json\/wp\/v2\/users\/1"}],"replies":[{"embeddable":true,"href":"https:\/\/cervesaguineu.net\/es\/wp-json\/wp\/v2\/comments?post=668"}],"version-history":[{"count":1,"href":"https:\/\/cervesaguineu.net\/es\/wp-json\/wp\/v2\/pages\/668\/revisions"}],"predecessor-version":[{"id":669,"href":"https:\/\/cervesaguineu.net\/es\/wp-json\/wp\/v2\/pages\/668\/revisions\/669"}],"wp:attachment":[{"href":"https:\/\/cervesaguineu.net\/es\/wp-json\/wp\/v2\/media?parent=668"}],"curies":[{"name":"wp","href":"https:\/\/api.w.org\/{rel}","templated":true}]}}