{"id":664,"date":"2025-11-25T04:51:12","date_gmt":"2025-11-25T04:51:12","guid":{"rendered":"https:\/\/cervesaguineu.net\/?page_id=664"},"modified":"2025-11-25T04:54:02","modified_gmt":"2025-11-25T04:54:02","slug":"avis-legal","status":"publish","type":"page","link":"https:\/\/cervesaguineu.net\/es\/avis-legal\/","title":{"rendered":"Av\u00eds Legal"},"content":{"rendered":"<p><strong>1. Informaci\u00f3n legal<\/strong><\/p>\n\n\n\n<p>1.1 En cumplimiento del art\u00edculo 10 de la Ley 34\/2002, de 11 de julio, de servicios de la sociedad de la informaci\u00f3n y de comercio electr\u00f3nico (LSSI-CE) presentamos la siguiente informaci\u00f3n:<\/p>\n\n\n\n<p>Companyia Cervesera del Montseny, S.L.<\/p>\n\n\n\n<p>C.I.F. B64538101<\/p>\n\n\n\n<p>Direcci\u00f3n de contacto: P.A.E. Avellanet, Del Feu, 15 08553-Sant Miquel de Baleny\u00e0 (Barcelona)<\/p>\n\n\n\n<p>Correo electr\u00f3nico: <a href=\"mailto:info@ccm.cat\">info@ccm.cat<\/a><\/p>\n\n\n\n<p>Tel\u00e9fono de contacto: 938123217<\/p>\n\n\n\n<p>P\u00e1gina web: <a href=\"https:\/\/www.cervesamontseny.cat\/es\/\">www.cervesaguineu.net<\/a><\/p>\n\n\n\n<p>Inscrita en el Registro Mercantil de Barcelona, Tomo 43016, Folio 187, Secci\u00f3n 8, Hoja 356510, Inscripci\u00f3n 7<\/p>\n\n\n\n<p><strong>2. Protecci\u00f3n de datos<\/strong><\/p>\n\n\n\n<p>2.1. Completando el formulario de registro o de contacto, enviando un correo electr\u00f3nico o llamando por tel\u00e9fono, sus datos personales pasar\u00e1n a ser responsabilidad de la empresa cuyos datos se relacionan en el apartado 1. Informaci\u00f3n Legal.<\/p>\n\n\n\n<p>2.2. Estos datos se utilizan para responder a su solicitud o consulta a la mayor brevedad posible porque usted nos los proporciona informada y libremente con esa finalidad. Para otros tratamientos o finalidades relacionados con la prestaci\u00f3n de nuestros servicios o el desarrollo de nuestra actividad, usted puede obtener m\u00e1s informaci\u00f3n en la <a href=\"https:\/\/cervesamontseny.cat\/politica-de-privacitat-gestio-de-contactes\/\">Pol\u00edtica de Privacidad<\/a> o solicitarlos en nuestra direcci\u00f3n de contacto.<\/p>\n\n\n\n<p><strong>3. Limitaci\u00f3n de Responsabilidades<\/strong><\/p>\n\n\n\n<p>3.1. Companyia Cervesera del Montseny, S.L. proporciona el sitio web corporativo como medio de dar a conocer sus productos y servicios, y permitir el contacto con los clientes. La informaci\u00f3n de la p\u00e1gina web se presenta de buena fe como cierta, pero nos reservamos el derecho a modificarla sin aviso previo con las finalidades de actualizarla, corregir errores y cualesquiera otras en inter\u00e9s de la empresa o de nuestros clientes. Para la contrataci\u00f3n de los productos o servicios de la entidad se estar\u00e1 a lo dispuesto en las condiciones de contrataci\u00f3n publicadas en la p\u00e1gina web.<\/p>\n\n\n\n<p>3.2. La entidad no se responsabiliza sobre los posibles da\u00f1os inform\u00e1ticos que pueda sufrir el usuario mientras visita nuestra p\u00e1gina web entendiendo que aquellos no puedan ser imputables a la entidad.<\/p>\n\n\n\n<p>3.3. La entidad tampoco se responsabiliza del contenido de los sitios gestionados por terceros que se enlacen desde la p\u00e1gina web, as\u00ed mismo dichos enlaces no implicar\u00e1n la existencia de alg\u00fan tipo de relaci\u00f3n por parte de Companyia Cervesera del Montseny, S.L. con esos terceros.<\/p>\n\n\n\n<p><strong>4. Propiedad Intelectual<\/strong><\/p>\n\n\n\n<p>4.1. Todos los contenidos de esta p\u00e1gina web entendiendo como tales los textos, dibujos, gr\u00e1ficos, fotograf\u00edas, im\u00e1genes, v\u00eddeos, m\u00fasica, c\u00f3digo, el propio dise\u00f1o de esta y cualquier otra creaci\u00f3n son propiedad de Companyia Cervesera del Montseny, S.L. o de sus respectivos titulares mediante la correspondiente licencia, autorizaci\u00f3n o cesi\u00f3n sobre los derechos y est\u00e1n protegidos en funci\u00f3n de la legislaci\u00f3n sobre la Propiedad Intelectual e Industrial.<\/p>\n\n\n\n<p>4.2. En ning\u00fan caso se entender\u00e1 que la puesta a disposici\u00f3n del p\u00fablico de la p\u00e1gina web constituye renuncia, cesi\u00f3n o licencia de los derechos que Companyia Cervesera del Montseny, S.L. tiene sobre los contenidos de esta.<\/p>\n\n\n\n<p>4.3. Queda prohibido cualquier uso de los contenidos de nuestra p\u00e1gina web incluida la modificaci\u00f3n, copia, reproducci\u00f3n, transmisi\u00f3n, etc\u00e9tera sin la previa autorizaci\u00f3n por escrito de la entidad.<\/p>\n\n\n\n<figure class=\"wp-block-image\"><a href=\"https:\/\/cervesamontseny.cat\"><img decoding=\"async\" src=\"https:\/\/cervesamontseny.cat\/wp-content\/uploads\/2016\/05\/logo-fixed.png\" alt=\"logo\" title=\"Av\u00eds Legal\"><\/a><\/figure>\n\n\n\n<p><\/p>","protected":false},"excerpt":{"rendered":"<p>1. Informaci\u00f3n legal 1.1 En cumplimiento del art\u00edculo 10 de la Ley 34\/2002, de 11 de julio, de servicios de la sociedad de la informaci\u00f3n y de comercio electr\u00f3nico (LSSI-CE) [&hellip;]<\/p>\n","protected":false},"author":1,"featured_media":0,"parent":0,"menu_order":0,"comment_status":"closed","ping_status":"closed","template":"","meta":{"_coblocks_attr":"","_coblocks_dimensions":"","_coblocks_responsive_height":"","_coblocks_accordion_ie_support":"","_surecart_dashboard_logo_width":"180px","_surecart_dashboard_show_logo":true,"_surecart_dashboard_navigation_orders":true,"_surecart_dashboard_navigation_invoices":true,"_surecart_dashboard_navigation_subscriptions":true,"_surecart_dashboard_navigation_downloads":true,"_surecart_dashboard_navigation_billing":true,"_surecart_dashboard_navigation_account":true,"_uag_custom_page_level_css":"","site-sidebar-layout":"default","site-content-layout":"","ast-site-content-layout":"default","site-content-style":"default","site-sidebar-style":"default","ast-global-header-display":"","ast-banner-title-visibility":"","ast-main-header-display":"","ast-hfb-above-header-display":"","ast-hfb-below-header-display":"","ast-hfb-mobile-header-display":"","site-post-title":"","ast-breadcrumbs-content":"","ast-featured-img":"","footer-sml-layout":"","ast-disable-related-posts":"","theme-transparent-header-meta":"","adv-header-id-meta":"","stick-header-meta":"","header-above-stick-meta":"","header-main-stick-meta":"","header-below-stick-meta":"","astra-migrate-meta-layouts":"default","ast-page-background-enabled":"default","ast-page-background-meta":{"desktop":{"background-color":"var(--ast-global-color-4)","background-image":"","background-repeat":"repeat","background-position":"center center","background-size":"auto","background-attachment":"scroll","background-type":"","background-media":"","overlay-type":"","overlay-color":"","overlay-opacity":"","overlay-gradient":""},"tablet":{"background-color":"","background-image":"","background-repeat":"repeat","background-position":"center center","background-size":"auto","background-attachment":"scroll","background-type":"","background-media":"","overlay-type":"","overlay-color":"","overlay-opacity":"","overlay-gradient":""},"mobile":{"background-color":"","background-image":"","background-repeat":"repeat","background-position":"center center","background-size":"auto","background-attachment":"scroll","background-type":"","background-media":"","overlay-type":"","overlay-color":"","overlay-opacity":"","overlay-gradient":""}},"ast-content-background-meta":{"desktop":{"background-color":"var(--ast-global-color-5)","background-image":"","background-repeat":"repeat","background-position":"center center","background-size":"auto","background-attachment":"scroll","background-type":"","background-media":"","overlay-type":"","overlay-color":"","overlay-opacity":"","overlay-gradient":""},"tablet":{"background-color":"var(--ast-global-color-5)","background-image":"","background-repeat":"repeat","background-position":"center center","background-size":"auto","background-attachment":"scroll","background-type":"","background-media":"","overlay-type":"","overlay-color":"","overlay-opacity":"","overlay-gradient":""},"mobile":{"background-color":"var(--ast-global-color-5)","background-image":"","background-repeat":"repeat","background-position":"center center","background-size":"auto","background-attachment":"scroll","background-type":"","background-media":"","overlay-type":"","overlay-color":"","overlay-opacity":"","overlay-gradient":""}},"_price":"","_stock":"","_tribe_ticket_header":"","_tribe_default_ticket_provider":"","_tribe_ticket_capacity":"0","_ticket_start_date":"","_ticket_end_date":"","_tribe_ticket_show_description":"","_tribe_ticket_show_not_going":false,"_tribe_ticket_use_global_stock":"","_tribe_ticket_global_stock_level":"","_global_stock_mode":"","_global_stock_cap":"","_tribe_rsvp_for_event":"","_tribe_ticket_going_count":"","_tribe_ticket_not_going_count":"","_tribe_tickets_list":"[]","_tribe_ticket_has_attendee_info_fields":false,"footnotes":"","_tec_slr_enabled":"","_tec_slr_layout":""},"class_list":["post-664","page","type-page","status-publish","hentry"],"uagb_featured_image_src":{"full":false,"thumbnail":false,"medium":false,"medium_large":false,"large":false,"1536x1536":false,"2048x2048":false,"trp-custom-language-flag":false,"mailpoet_newsletter_max":false,"woocommerce_thumbnail":false,"woocommerce_single":false,"woocommerce_gallery_thumbnail":false},"uagb_author_info":{"display_name":"679300pwpadmin","author_link":"https:\/\/cervesaguineu.net\/es\/author\/679300pwpadmin\/"},"uagb_comment_info":0,"uagb_excerpt":"1. Informaci\u00f3n legal 1.1 En cumplimiento del art\u00edculo 10 de la Ley 34\/2002, de 11 de julio, de servicios de la sociedad de la informaci\u00f3n y de comercio electr\u00f3nico (LSSI-CE) [&hellip;]","jetpack_sharing_enabled":true,"ticketed":false,"_links":{"self":[{"href":"https:\/\/cervesaguineu.net\/es\/wp-json\/wp\/v2\/pages\/664","targetHints":{"allow":["GET"]}}],"collection":[{"href":"https:\/\/cervesaguineu.net\/es\/wp-json\/wp\/v2\/pages"}],"about":[{"href":"https:\/\/cervesaguineu.net\/es\/wp-json\/wp\/v2\/types\/page"}],"author":[{"embeddable":true,"href":"https:\/\/cervesaguineu.net\/es\/wp-json\/wp\/v2\/users\/1"}],"replies":[{"embeddable":true,"href":"https:\/\/cervesaguineu.net\/es\/wp-json\/wp\/v2\/comments?post=664"}],"version-history":[{"count":2,"href":"https:\/\/cervesaguineu.net\/es\/wp-json\/wp\/v2\/pages\/664\/revisions"}],"predecessor-version":[{"id":666,"href":"https:\/\/cervesaguineu.net\/es\/wp-json\/wp\/v2\/pages\/664\/revisions\/666"}],"wp:attachment":[{"href":"https:\/\/cervesaguineu.net\/es\/wp-json\/wp\/v2\/media?parent=664"}],"curies":[{"name":"wp","href":"https:\/\/api.w.org\/{rel}","templated":true}]}}