{"id":535,"date":"2025-11-19T20:52:33","date_gmt":"2025-11-19T20:52:33","guid":{"rendered":"https:\/\/cervesaguineu.net\/contact\/"},"modified":"2025-11-24T18:03:23","modified_gmt":"2025-11-24T18:03:23","slug":"contact","status":"publish","type":"page","link":"https:\/\/cervesaguineu.net\/es\/contact\/","title":{"rendered":"Contact"},"content":{"rendered":"\u00a0\n<h1>Posa&#8217;t en contacte amb Cervesa Guineu per a m\u00e9s informaci\u00f3<\/h1>\n\n<p>Estem aqu\u00ed per ajudar-te amb qualsevol consulta sobre les nostres cerveses artesanals.<\/p>\n\n\n\n<figure><img fetchpriority=\"high\" decoding=\"async\" title=\"get-in-touch\" role=\"img\" src=\"https:\/\/cervesaguineu.net\/wp-content\/uploads\/2025\/11\/IMG_6854_R-scaled.jpg\" sizes=\"(max-width: 480px) 150px\" srcset=\"https:\/\/cervesaguineu.net\/wp-content\/uploads\/2025\/11\/IMG_6854_R-scaled.jpg ,https:\/\/cervesaguineu.net\/wp-content\/uploads\/2024\/06\/get-in-touch.jpg 780w, https:\/\/cervesaguineu.net\/wp-content\/uploads\/2024\/06\/get-in-touch.jpg 360w\" alt=\"IMG 6854 R Scaled\" width=\"1200\" height=\"400\"><\/figure>\n\n<p>Contacta&#8217;ns<\/p>\n\u00a0\n\n<h2>Estem a la teva disposici\u00f3 per ajudar-te<\/h2>\n\n\n\n<h3>Tel\u00e8fon<\/h3>\n<p>938123217<\/p>\n\n\n\n<h3>Correu electr\u00f2nic<\/h3>\n<p>guineu@cervesaguineu.net<\/p>\n\n\n\n<h3>Adre\u00e7a<\/h3>\n<p>PAE AVELLANET C\/ DEL FEU, 15\u00a0<\/p>\n<p>CP. 08554 St. Miquel de Baleny\u00e0<\/p>\n\n\n\n<h3>Xarxes socials<\/h3>\n\n\n\u00a0\n\n\n\n\n\n\n<p>Envia&#8217;ns un missatge<\/p>\n\u00a0\n\n\n<h2>Omple el formulari i ens posarem en contacte amb tu aviat<\/h2>\n\nEste formulario ha sido eliminado o no est\u00e1 disponible.","protected":false},"excerpt":{"rendered":"<p>\u00a0 Posa&#8217;t en contacte amb Cervesa Guineu per a m\u00e9s informaci\u00f3 Estem aqu\u00ed per ajudar-te amb qualsevol consulta sobre les nostres cerveses artesanals. Contacta&#8217;ns \u00a0 Estem a la teva disposici\u00f3 [&hellip;]<\/p>\n","protected":false},"author":1,"featured_media":0,"parent":0,"menu_order":0,"comment_status":"closed","ping_status":"closed","template":"","meta":{"_coblocks_attr":"","_coblocks_dimensions":"","_coblocks_responsive_height":"","_coblocks_accordion_ie_support":"","_surecart_dashboard_logo_width":"180px","_surecart_dashboard_show_logo":true,"_surecart_dashboard_navigation_orders":true,"_surecart_dashboard_navigation_invoices":true,"_surecart_dashboard_navigation_subscriptions":true,"_surecart_dashboard_navigation_downloads":true,"_surecart_dashboard_navigation_billing":true,"_surecart_dashboard_navigation_account":true,"_uag_custom_page_level_css":"","site-sidebar-layout":"default","site-content-layout":"","ast-site-content-layout":"default","site-content-style":"default","site-sidebar-style":"default","ast-global-header-display":"","ast-banner-title-visibility":"","ast-main-header-display":"","ast-hfb-above-header-display":"","ast-hfb-below-header-display":"","ast-hfb-mobile-header-display":"","site-post-title":"","ast-breadcrumbs-content":"","ast-featured-img":"","footer-sml-layout":"","ast-disable-related-posts":"","theme-transparent-header-meta":"enabled","adv-header-id-meta":"","stick-header-meta":"","header-above-stick-meta":"","header-main-stick-meta":"","header-below-stick-meta":"","astra-migrate-meta-layouts":"default","ast-page-background-enabled":"default","ast-page-background-meta":{"desktop":{"background-color":"var(--ast-global-color-4)","background-image":"","background-repeat":"repeat","background-position":"center center","background-size":"auto","background-attachment":"scroll","background-type":"","background-media":"","overlay-type":"","overlay-color":"","overlay-opacity":"","overlay-gradient":""},"tablet":{"background-color":"","background-image":"","background-repeat":"repeat","background-position":"center center","background-size":"auto","background-attachment":"scroll","background-type":"","background-media":"","overlay-type":"","overlay-color":"","overlay-opacity":"","overlay-gradient":""},"mobile":{"background-color":"","background-image":"","background-repeat":"repeat","background-position":"center center","background-size":"auto","background-attachment":"scroll","background-type":"","background-media":"","overlay-type":"","overlay-color":"","overlay-opacity":"","overlay-gradient":""}},"ast-content-background-meta":{"desktop":{"background-color":"var(--ast-global-color-5)","background-image":"","background-repeat":"repeat","background-position":"center center","background-size":"auto","background-attachment":"scroll","background-type":"","background-media":"","overlay-type":"","overlay-color":"","overlay-opacity":"","overlay-gradient":""},"tablet":{"background-color":"var(--ast-global-color-5)","background-image":"","background-repeat":"repeat","background-position":"center center","background-size":"auto","background-attachment":"scroll","background-type":"","background-media":"","overlay-type":"","overlay-color":"","overlay-opacity":"","overlay-gradient":""},"mobile":{"background-color":"var(--ast-global-color-5)","background-image":"","background-repeat":"repeat","background-position":"center center","background-size":"auto","background-attachment":"scroll","background-type":"","background-media":"","overlay-type":"","overlay-color":"","overlay-opacity":"","overlay-gradient":""}},"_price":"","_stock":"","_tribe_ticket_header":"","_tribe_default_ticket_provider":"","_tribe_ticket_capacity":"0","_ticket_start_date":"","_ticket_end_date":"","_tribe_ticket_show_description":"","_tribe_ticket_show_not_going":false,"_tribe_ticket_use_global_stock":"","_tribe_ticket_global_stock_level":"","_global_stock_mode":"","_global_stock_cap":"","_tribe_rsvp_for_event":"","_tribe_ticket_going_count":"","_tribe_ticket_not_going_count":"","_tribe_tickets_list":"[]","_tribe_ticket_has_attendee_info_fields":false,"footnotes":"","_tec_slr_enabled":"","_tec_slr_layout":""},"class_list":["post-535","page","type-page","status-publish","hentry"],"uagb_featured_image_src":{"full":false,"thumbnail":false,"medium":false,"medium_large":false,"large":false,"1536x1536":false,"2048x2048":false,"trp-custom-language-flag":false,"mailpoet_newsletter_max":false,"woocommerce_thumbnail":false,"woocommerce_single":false,"woocommerce_gallery_thumbnail":false},"uagb_author_info":{"display_name":"679300pwpadmin","author_link":"https:\/\/cervesaguineu.net\/es\/author\/679300pwpadmin\/"},"uagb_comment_info":0,"uagb_excerpt":"\u00a0 Posa&#8217;t en contacte amb Cervesa Guineu per a m\u00e9s informaci\u00f3 Estem aqu\u00ed per ajudar-te amb qualsevol consulta sobre les nostres cerveses artesanals. Contacta&#8217;ns \u00a0 Estem a la teva disposici\u00f3 [&hellip;]","jetpack_sharing_enabled":true,"ticketed":false,"_links":{"self":[{"href":"https:\/\/cervesaguineu.net\/es\/wp-json\/wp\/v2\/pages\/535","targetHints":{"allow":["GET"]}}],"collection":[{"href":"https:\/\/cervesaguineu.net\/es\/wp-json\/wp\/v2\/pages"}],"about":[{"href":"https:\/\/cervesaguineu.net\/es\/wp-json\/wp\/v2\/types\/page"}],"author":[{"embeddable":true,"href":"https:\/\/cervesaguineu.net\/es\/wp-json\/wp\/v2\/users\/1"}],"replies":[{"embeddable":true,"href":"https:\/\/cervesaguineu.net\/es\/wp-json\/wp\/v2\/comments?post=535"}],"version-history":[{"count":7,"href":"https:\/\/cervesaguineu.net\/es\/wp-json\/wp\/v2\/pages\/535\/revisions"}],"predecessor-version":[{"id":660,"href":"https:\/\/cervesaguineu.net\/es\/wp-json\/wp\/v2\/pages\/535\/revisions\/660"}],"wp:attachment":[{"href":"https:\/\/cervesaguineu.net\/es\/wp-json\/wp\/v2\/media?parent=535"}],"curies":[{"name":"wp","href":"https:\/\/api.w.org\/{rel}","templated":true}]}}