{"id":533,"date":"2025-11-19T20:52:31","date_gmt":"2025-11-19T20:52:31","guid":{"rendered":"https:\/\/cervesaguineu.net\/services\/"},"modified":"2025-11-19T20:53:25","modified_gmt":"2025-11-19T20:53:25","slug":"services","status":"publish","type":"page","link":"https:\/\/cervesaguineu.net\/es\/services\/","title":{"rendered":"Services"},"content":{"rendered":"<div class=\"wp-block-uagb-container uagb-layout-grid uagb-block-52a5e7a5 alignfull uagb-is-root-container\"><div class=\"uagb-container-inner-blocks-wrap\">\n<div class=\"wp-block-uagb-advanced-heading uagb-block-8f9583b5\"><div class=\"uagb-separator\"><\/div><h1 class=\"uagb-heading-text\">Descobreix els nostres serveis Artesanals<\/h1><\/div>\n\n\n\n<div class=\"wp-block-uagb-advanced-heading uagb-block-0a094371\"><p class=\"uagb-heading-text\">A Cervesa Guineu oferim una \u00e0mplia gamma de serveis centrats en la fabricaci\u00f3 de cerveses artesanals de qualitat.<\/p><\/div>\n<\/div><\/div>\n\n\n\n<div class=\"wp-block-uagb-container uagb-block-6d4e3205 alignfull uagb-is-root-container\"><div class=\"uagb-container-inner-blocks-wrap\">\n<div class=\"wp-block-uagb-image uagb-block-41997195 wp-block-uagb-image--layout-default wp-block-uagb-image--effect-static wp-block-uagb-image--align-none uag-hide-mob uag-blocks-common-selector\" style=\"--z-index-desktop:1;;--z-index-tablet:undefined;;--z-index-mobile:undefined;\"><figure class=\"wp-block-uagb-image__figure\"><img loading=\"lazy\" decoding=\"async\" srcset=\"https:\/\/cervesaguineu.net\/wp-content\/uploads\/2025\/11\/IMG_6854_2-scaled.jpg ,https:\/\/cervesaguineu.net\/wp-content\/uploads\/2024\/06\/services-bg.jpg 780w, https:\/\/cervesaguineu.net\/wp-content\/uploads\/2024\/06\/services-bg.jpg 360w\" sizes=\"auto, (max-width: 480px) 150px\" src=\"https:\/\/cervesaguineu.net\/wp-content\/uploads\/2025\/11\/IMG_6854_2-scaled.jpg\" alt=\"IMG 6854 2 Scaled\" class=\"uag-image-228\" width=\"1200\" height=\"400\" title=\"services-bg\" role=\"img\"><\/figure><\/div>\n\n\n\n<div class=\"wp-block-uagb-container uagb-layout-grid uagb-block-f87c5a33\">\n<div class=\"wp-block-uagb-image uagb-block-d5cf57dc wp-block-uagb-image--layout-default wp-block-uagb-image--effect-static wp-block-uagb-image--align-none\"><figure class=\"wp-block-uagb-image__figure\"><img loading=\"lazy\" decoding=\"async\" srcset=\"https:\/\/cervesaguineu.net\/wp-content\/uploads\/2025\/11\/IMG_6850_R-scaled.jpg ,https:\/\/cervesaguineu.net\/wp-content\/uploads\/2025\/11\/IMG_6850_R-scaled.jpg 780w, https:\/\/cervesaguineu.net\/wp-content\/uploads\/2025\/11\/IMG_6850_R-scaled.jpg 360w\" sizes=\"auto, (max-width: 480px) 150px\" src=\"https:\/\/cervesaguineu.net\/wp-content\/uploads\/2025\/11\/IMG_6850_R-scaled.jpg\" alt=\"IMG 6850 R Scaled\" class=\"uag-image-227\" width=\"420\" height=\"450\" title=\"services-01\" role=\"img\"><\/figure><\/div>\n\n\n\n<div class=\"wp-block-uagb-info-box uagb-block-e13864df uagb-infobox__content-wrap  uagb-infobox-icon-above-title uagb-infobox-image-valign-top\"><div class=\"uagb-ifb-content\"><div class=\"uagb-ifb-title-wrap\"><span class=\"uagb-ifb-title-prefix\">01<\/span><h2 class=\"uagb-ifb-title\">Cerveses Artesanals<\/h2><\/div><p class=\"uagb-ifb-desc\">Els nostres mestres cervesers elaboren cada cervesa amb dedicaci\u00f3 i passi\u00f3, utilitzant ingredients de primera qualitat sense pasteuritzar. Creem cerveses innovadores que realcen el sabor del lupul, mantenint la senzillesa i l&#8217;autenticitat. Cada ampolla reflecteix la nostra filosofia d&#8217;honestedat i comprom\u00eds amb la qualitat. Descobreix la nostra gamma diversa que inclou estils variats per a satisfer tots els paladars.<\/p><\/div><\/div>\n<\/div>\n\n\n\n<div class=\"wp-block-uagb-container uagb-layout-grid uagb-block-482412be\">\n<div class=\"wp-block-uagb-info-box uagb-block-438eb260 uagb-infobox__content-wrap  uagb-infobox-icon-above-title uagb-infobox-image-valign-top\"><div class=\"uagb-ifb-content\"><div class=\"uagb-ifb-title-wrap\"><span class=\"uagb-ifb-title-prefix\">02<\/span><h2 class=\"uagb-ifb-title\">Visites a la Cerveseria<\/h2><\/div><p class=\"uagb-ifb-desc\">Vine a visitar la nostra cerveseria i descobreix el m\u00f3n de la cervesa artesanal. Oferim visites personalitzades on podr\u00e0s con\u00e8ixer el proc\u00e9s d&#8217;elaboraci\u00f3, des de la selecci\u00f3 dels ingredients fins a l&#8217;embotellat. Els nostres guies t&#8217;explicaran tots els detalls i et mostraran l&#8217;equipament que utilitzem. No hi ha millor manera de connectar amb la cervesa que veure-la en acci\u00f3 i tastar les nostres creacions en un ambient acollidor.<\/p><\/div><\/div>\n\n\n\n<div class=\"wp-block-uagb-image uagb-block-9593fe77 wp-block-uagb-image--layout-default wp-block-uagb-image--effect-static wp-block-uagb-image--align-none\"><figure class=\"wp-block-uagb-image__figure\"><img loading=\"lazy\" decoding=\"async\" srcset=\"https:\/\/cervesaguineu.net\/wp-content\/uploads\/2025\/11\/logo_guineu_2018-02-scaled.jpg ,https:\/\/cervesaguineu.net\/wp-content\/uploads\/2025\/11\/logo_guineu_2018-02-scaled.jpg 780w, https:\/\/cervesaguineu.net\/wp-content\/uploads\/2025\/11\/logo_guineu_2018-02-scaled.jpg 360w\" sizes=\"auto, (max-width: 480px) 150px\" src=\"https:\/\/cervesaguineu.net\/wp-content\/uploads\/2025\/11\/logo_guineu_2018-02-scaled.jpg\" alt=\"Logo Guineu 2018 02 Scaled\" class=\"uag-image-226\" width=\"420\" height=\"450\" title=\"services-02\" role=\"img\"><\/figure><\/div>\n<\/div>\n\n\n\n<div class=\"wp-block-uagb-container uagb-layout-grid uagb-block-bcade5ff\">\n<div class=\"wp-block-uagb-image uagb-block-3cb92e8a wp-block-uagb-image--layout-default wp-block-uagb-image--effect-static wp-block-uagb-image--align-none\"><figure class=\"wp-block-uagb-image__figure\"><img loading=\"lazy\" decoding=\"async\" srcset=\"https:\/\/cervesaguineu.net\/wp-content\/uploads\/2025\/11\/Logo-Guineu-Negre-OK.png ,https:\/\/cervesaguineu.net\/wp-content\/uploads\/2025\/11\/Logo-Guineu-Negre-OK.png 780w, https:\/\/cervesaguineu.net\/wp-content\/uploads\/2025\/11\/Logo-Guineu-Negre-OK.png 360w\" sizes=\"auto, (max-width: 480px) 150px\" src=\"https:\/\/cervesaguineu.net\/wp-content\/uploads\/2025\/11\/Logo-Guineu-Negre-OK.png\" alt=\"Logo Guineu Negre OK\" class=\"uag-image-225\" width=\"420\" height=\"450\" title=\"services-03\" role=\"img\"><\/figure><\/div>\n\n\n\n<div class=\"wp-block-uagb-info-box uagb-block-3d8f6cce uagb-infobox__content-wrap  uagb-infobox-icon-above-title uagb-infobox-image-valign-top\"><div class=\"uagb-ifb-content\"><div class=\"uagb-ifb-title-wrap\"><span class=\"uagb-ifb-title-prefix\">03<\/span><h2 class=\"uagb-ifb-title\">Cerveses a Mida<\/h2><\/div><p class=\"uagb-ifb-desc\">A Cervesa Guineu, entenem que cada esdeveniment \u00e9s \u00fanic, i per aix\u00f2 oferim un servei de cerveses personalitzades que s&#8217;adapten a les teves necessitats. Des de casaments fins a festes d&#8217;empresa, treballem amb tu per crear una cervesa que reflecteixi el teu estil personal. Podr\u00e0s escollir ingredients, estils i etiquetes, assegurant-te que cada ampolla sigui tan especial com l&#8217;esdeveniment mateix. \u00c9s una forma original i deliciosa de sorprendre els teus convidats.<\/p><\/div><\/div>\n<\/div>\n\n\n\n<div class=\"wp-block-uagb-container uagb-layout-grid uagb-block-66b30793\">\n<div class=\"wp-block-uagb-info-box uagb-block-fda47be5 uagb-infobox__content-wrap  uagb-infobox-icon-above-title uagb-infobox-image-valign-top\"><div class=\"uagb-ifb-content\"><div class=\"uagb-ifb-title-wrap\"><span class=\"uagb-ifb-title-prefix\">04<\/span><h2 class=\"uagb-ifb-title\">Cerveses per a Bars<\/h2><\/div><p class=\"uagb-ifb-desc\">Col\u00b7laborem amb bars i restaurants per oferir les nostres cerveses artesanals, garantint una oferta distintiva i de qualitat. Treballem estretament amb els nostres socis per dissenyar una selecci\u00f3 que s&#8217;adapti als seus clients, proporcionant formaci\u00f3 i suport per maximitzar la seva experi\u00e8ncia. La nostra gamma d&#8217;estils permet trobar la cervesa perfecta per a cada moment, ajudant a crear ambientacions \u00faniques i memorables als bars. Si busques diferenciar-te, les nostres cerveses s\u00f3n l&#8217;opci\u00f3 ideal.<\/p><\/div><\/div>\n\n\n\n<div class=\"wp-block-uagb-image uagb-block-15026c62 wp-block-uagb-image--layout-default wp-block-uagb-image--effect-static wp-block-uagb-image--align-none\"><figure class=\"wp-block-uagb-image__figure\"><img loading=\"lazy\" decoding=\"async\" srcset=\"https:\/\/cervesaguineu.net\/wp-content\/uploads\/2025\/11\/DSC_1898-3.jpg ,https:\/\/cervesaguineu.net\/wp-content\/uploads\/2025\/11\/DSC_1898-3.jpg 780w, https:\/\/cervesaguineu.net\/wp-content\/uploads\/2025\/11\/DSC_1898-3.jpg 360w\" sizes=\"auto, (max-width: 480px) 150px\" src=\"https:\/\/cervesaguineu.net\/wp-content\/uploads\/2025\/11\/DSC_1898-3.jpg\" alt=\"DSC 1898 3\" class=\"uag-image-217\" width=\"420\" height=\"450\" title=\"services-04\" role=\"img\"><\/figure><\/div>\n<\/div>\n<\/div><\/div>","protected":false},"excerpt":{"rendered":"<p>Descobreix els nostres serveis Artesanals A Cervesa Guineu oferim una \u00e0mplia gamma de serveis centrats en la fabricaci\u00f3 de cerveses artesanals de qualitat.<\/p>","protected":false},"author":1,"featured_media":0,"parent":0,"menu_order":0,"comment_status":"closed","ping_status":"closed","template":"","meta":{"_coblocks_attr":"","_coblocks_dimensions":"","_coblocks_responsive_height":"","_coblocks_accordion_ie_support":"","_surecart_dashboard_logo_width":"180px","_surecart_dashboard_show_logo":true,"_surecart_dashboard_navigation_orders":true,"_surecart_dashboard_navigation_invoices":true,"_surecart_dashboard_navigation_subscriptions":true,"_surecart_dashboard_navigation_downloads":true,"_surecart_dashboard_navigation_billing":true,"_surecart_dashboard_navigation_account":true,"_uag_custom_page_level_css":"","site-sidebar-layout":"default","site-content-layout":"","ast-site-content-layout":"default","site-content-style":"default","site-sidebar-style":"default","ast-global-header-display":"","ast-banner-title-visibility":"","ast-main-header-display":"","ast-hfb-above-header-display":"","ast-hfb-below-header-display":"","ast-hfb-mobile-header-display":"","site-post-title":"disabled","ast-breadcrumbs-content":"","ast-featured-img":"","footer-sml-layout":"","ast-disable-related-posts":"","theme-transparent-header-meta":"enabled","adv-header-id-meta":"","stick-header-meta":"","header-above-stick-meta":"","header-main-stick-meta":"","header-below-stick-meta":"","astra-migrate-meta-layouts":"default","ast-page-background-enabled":"default","ast-page-background-meta":{"desktop":{"background-color":"var(--ast-global-color-4)","background-image":"","background-repeat":"repeat","background-position":"center center","background-size":"auto","background-attachment":"scroll","background-type":"","background-media":"","overlay-type":"","overlay-color":"","overlay-opacity":"","overlay-gradient":""},"tablet":{"background-color":"","background-image":"","background-repeat":"repeat","background-position":"center center","background-size":"auto","background-attachment":"scroll","background-type":"","background-media":"","overlay-type":"","overlay-color":"","overlay-opacity":"","overlay-gradient":""},"mobile":{"background-color":"","background-image":"","background-repeat":"repeat","background-position":"center center","background-size":"auto","background-attachment":"scroll","background-type":"","background-media":"","overlay-type":"","overlay-color":"","overlay-opacity":"","overlay-gradient":""}},"ast-content-background-meta":{"desktop":{"background-color":"var(--ast-global-color-5)","background-image":"","background-repeat":"repeat","background-position":"center center","background-size":"auto","background-attachment":"scroll","background-type":"","background-media":"","overlay-type":"","overlay-color":"","overlay-opacity":"","overlay-gradient":""},"tablet":{"background-color":"var(--ast-global-color-5)","background-image":"","background-repeat":"repeat","background-position":"center center","background-size":"auto","background-attachment":"scroll","background-type":"","background-media":"","overlay-type":"","overlay-color":"","overlay-opacity":"","overlay-gradient":""},"mobile":{"background-color":"var(--ast-global-color-5)","background-image":"","background-repeat":"repeat","background-position":"center center","background-size":"auto","background-attachment":"scroll","background-type":"","background-media":"","overlay-type":"","overlay-color":"","overlay-opacity":"","overlay-gradient":""}},"_price":"","_stock":"","_tribe_ticket_header":"","_tribe_default_ticket_provider":"","_tribe_ticket_capacity":"0","_ticket_start_date":"","_ticket_end_date":"","_tribe_ticket_show_description":"","_tribe_ticket_show_not_going":false,"_tribe_ticket_use_global_stock":"","_tribe_ticket_global_stock_level":"","_global_stock_mode":"","_global_stock_cap":"","_tribe_rsvp_for_event":"","_tribe_ticket_going_count":"","_tribe_ticket_not_going_count":"","_tribe_tickets_list":"[]","_tribe_ticket_has_attendee_info_fields":false,"footnotes":"","_tec_slr_enabled":"","_tec_slr_layout":""},"class_list":["post-533","page","type-page","status-publish","hentry"],"uagb_featured_image_src":{"full":false,"thumbnail":false,"medium":false,"medium_large":false,"large":false,"1536x1536":false,"2048x2048":false,"trp-custom-language-flag":false,"mailpoet_newsletter_max":false,"woocommerce_thumbnail":false,"woocommerce_single":false,"woocommerce_gallery_thumbnail":false},"uagb_author_info":{"display_name":"679300pwpadmin","author_link":"https:\/\/cervesaguineu.net\/es\/author\/679300pwpadmin\/"},"uagb_comment_info":0,"uagb_excerpt":"Descobreix els nostres serveis Artesanals A Cervesa Guineu oferim una \u00e0mplia gamma de serveis centrats en la fabricaci\u00f3 de cerveses artesanals de qualitat.","jetpack_sharing_enabled":true,"ticketed":false,"_links":{"self":[{"href":"https:\/\/cervesaguineu.net\/es\/wp-json\/wp\/v2\/pages\/533","targetHints":{"allow":["GET"]}}],"collection":[{"href":"https:\/\/cervesaguineu.net\/es\/wp-json\/wp\/v2\/pages"}],"about":[{"href":"https:\/\/cervesaguineu.net\/es\/wp-json\/wp\/v2\/types\/page"}],"author":[{"embeddable":true,"href":"https:\/\/cervesaguineu.net\/es\/wp-json\/wp\/v2\/users\/1"}],"replies":[{"embeddable":true,"href":"https:\/\/cervesaguineu.net\/es\/wp-json\/wp\/v2\/comments?post=533"}],"version-history":[{"count":3,"href":"https:\/\/cervesaguineu.net\/es\/wp-json\/wp\/v2\/pages\/533\/revisions"}],"predecessor-version":[{"id":570,"href":"https:\/\/cervesaguineu.net\/es\/wp-json\/wp\/v2\/pages\/533\/revisions\/570"}],"wp:attachment":[{"href":"https:\/\/cervesaguineu.net\/es\/wp-json\/wp\/v2\/media?parent=533"}],"curies":[{"name":"wp","href":"https:\/\/api.w.org\/{rel}","templated":true}]}}