{"id":532,"date":"2025-11-19T20:52:29","date_gmt":"2025-11-19T20:52:29","guid":{"rendered":"https:\/\/cervesaguineu.net\/about\/"},"modified":"2025-11-25T21:28:04","modified_gmt":"2025-11-25T21:28:04","slug":"about","status":"publish","type":"page","link":"https:\/\/cervesaguineu.net\/es\/about\/","title":{"rendered":"Sobre nosaltres"},"content":{"rendered":"<div class=\"wp-block-uagb-container uagb-layout-grid uagb-block-52a5e7a5 alignfull uagb-is-root-container\"><div class=\"uagb-container-inner-blocks-wrap\">\n<div class=\"wp-block-uagb-advanced-heading uagb-block-8f9583b5\"><div class=\"uagb-separator\"><\/div><h1 class=\"uagb-heading-text\">Descobreix Cervesa Guineu: Tradici\u00f3 i Passi\u00f3<\/h1><\/div>\n\n\n\n<div class=\"wp-block-uagb-advanced-heading uagb-block-0a094371\"><p class=\"uagb-heading-text\">Una cervesera artesanal de qualitat amb una rica hist\u00f2ria a Catalunya, dedicada a fer cerveses honestes i extraordin\u00e0ries.<\/p><\/div>\n<\/div><\/div>\n\n\n\n<div class=\"wp-block-uagb-container uagb-block-6d4e3205 alignfull uagb-is-root-container\"><div class=\"uagb-container-inner-blocks-wrap\">\n<div class=\"wp-block-uagb-image uagb-block-41997195 wp-block-uagb-image--layout-default wp-block-uagb-image--effect-static wp-block-uagb-image--align-none uag-blocks-common-selector\" style=\"--z-index-desktop:1;;--z-index-tablet:undefined;;--z-index-mobile:undefined;\"><figure class=\"wp-block-uagb-image__figure\"><img loading=\"lazy\" decoding=\"async\" srcset=\"https:\/\/cervesaguineu.net\/wp-content\/uploads\/2025\/11\/DSC_1864-3.jpg ,https:\/\/cervesaguineu.net\/wp-content\/uploads\/2025\/11\/DSC_1864-3.jpg 780w, https:\/\/cervesaguineu.net\/wp-content\/uploads\/2025\/11\/DSC_1864-3.jpg 360w\" sizes=\"auto, (max-width: 480px) 150px\" src=\"https:\/\/cervesaguineu.net\/wp-content\/uploads\/2025\/11\/DSC_1864-3.jpg\" alt=\"DSC 1864 3\" class=\"uag-image-207\" width=\"1200\" height=\"400\" title=\"about-bg\" role=\"img\"><\/figure><\/div>\n\n\n\n<div class=\"wp-block-uagb-advanced-heading uagb-block-c1430afc\"><p class=\"uagb-heading-text\">Sobre nosaltres<\/p><div class=\"uagb-separator\"><\/div><\/div>\n\n\n\n<div class=\"wp-block-uagb-advanced-heading uagb-block-8206bff7\"><h2 class=\"uagb-heading-text\">La nostra passi\u00f3 per les cerveses artesanals<\/h2><\/div>\n\n\n\n<div class=\"wp-block-uagb-container uagb-block-872fa012\">\n<div class=\"wp-block-uagb-advanced-heading uagb-block-76d9be4a\"><h3 class=\"uagb-heading-text\">Cervesa Guineu s&#8217;ha establert com una refer\u00e8ncia en cerveses artesanals, oferint productes de qualitat que satisfan els clients m\u00e9s exigents.<\/h3><\/div>\n\n\n\n<div class=\"wp-block-uagb-advanced-heading uagb-block-e648ce5c\"><p class=\"uagb-heading-text\">Amb anys d&#8217;experi\u00e8ncia, Cervesa Guineu ha aconseguit un creixent reconeixement entre els amants de la cervesa, aportant un sabor aut\u00e8ntic i respectant els m\u00e8todes tradicionals. Cada un dels nostres productes \u00e9s un testimoni de la nostra passi\u00f3 per la qualitat.<\/p><p class=\"uagb-desc-text\">Les nostres cerveses s\u00f3n valorades per la seva frescor i autenticitat, mostrant el comprom\u00eds amb ingredients de primera qualitat i processos d&#8217;elaboraci\u00f3 respectuosos amb la tradici\u00f3.<\/p><\/div>\n<\/div>\n\n\n\n<div class=\"wp-block-uagb-image uagb-block-e3600eff wp-block-uagb-image--layout-default wp-block-uagb-image--effect-static wp-block-uagb-image--align-none\"><figure class=\"wp-block-uagb-image__figure\"><img loading=\"lazy\" decoding=\"async\" srcset=\"https:\/\/cervesaguineu.net\/wp-content\/uploads\/2025\/11\/DSC_1852-3.jpg ,https:\/\/cervesaguineu.net\/wp-content\/uploads\/2025\/11\/DSC_1852-3.jpg 780w, https:\/\/cervesaguineu.net\/wp-content\/uploads\/2025\/11\/DSC_1852-3.jpg 360w\" sizes=\"auto, (max-width: 480px) 150px\" src=\"https:\/\/cervesaguineu.net\/wp-content\/uploads\/2025\/11\/DSC_1852-3.jpg\" alt=\"DSC 1852 3\" class=\"uag-image-203\" width=\"1200\" height=\"450\" title=\"who-we-are\" role=\"img\"><\/figure><\/div>\n\n\n\n<div class=\"wp-block-uagb-advanced-heading uagb-block-257301db\"><p class=\"uagb-heading-text\">La nostra hist\u00f2ria<\/p><div class=\"uagb-separator\"><\/div><\/div>\n\n\n\n<div class=\"wp-block-uagb-container uagb-layout-grid uagb-block-d836a3f7\">\n<div class=\"wp-block-uagb-image uagb-block-121b49d0 wp-block-uagb-image--layout-default wp-block-uagb-image--effect-static wp-block-uagb-image--align-none\"><figure class=\"wp-block-uagb-image__figure\"><img loading=\"lazy\" decoding=\"async\" srcset=\"https:\/\/cervesaguineu.net\/wp-content\/uploads\/2025\/11\/DSC_1846-3.jpg ,https:\/\/cervesaguineu.net\/wp-content\/uploads\/2025\/11\/DSC_1846-3.jpg 780w, https:\/\/cervesaguineu.net\/wp-content\/uploads\/2025\/11\/DSC_1846-3.jpg 360w\" sizes=\"auto, (max-width: 480px) 150px\" src=\"https:\/\/cervesaguineu.net\/wp-content\/uploads\/2025\/11\/DSC_1846-3.jpg\" alt=\"DSC 1846 3\" class=\"uag-image-200\" width=\"560\" height=\"450\" title=\"our-story\" role=\"img\"><\/figure><\/div>\n\n\n\n<div class=\"wp-block-uagb-advanced-heading uagb-block-c10ed874\"><h3 class=\"uagb-heading-text\">Cervesa Guineu: Una tradici\u00f3 que comen\u00e7a el 2008<\/h3><p class=\"uagb-desc-text\">Fundada el 2008 a Valls de Torroella, Cervesa Guineu va n\u00e9ixer amb l&#8217;objectiu de crear cerveses artesanals que reflectissin la riquesa dels ingredients locals. Ara a Sant Miquel de Baleny\u00e0, mantenim la nostra filosofia de producci\u00f3, garantint cerveses sense pasteuritzar que honoren els m\u00e8todes casolans i respecten el medi ambient.<\/p><\/div>\n<\/div>\n<\/div><\/div>\n\n\n\n<div class=\"wp-block-uagb-container uagb-block-08bdc66b alignfull uagb-is-root-container\"><div class=\"uagb-container-inner-blocks-wrap\">\n<div class=\"wp-block-uagb-advanced-heading uagb-block-8a25e220\"><p class=\"uagb-heading-text\">Com treballem<\/p><div class=\"uagb-separator\"><\/div><\/div>\n\n\n\n<div class=\"wp-block-uagb-container uagb-layout-grid uagb-block-5c68a50a\">\n<div class=\"wp-block-uagb-advanced-heading uagb-block-acaeab83\"><h2 class=\"uagb-heading-text\">El nostre proc\u00e9s: Tradici\u00f3 i innovaci\u00f3<\/h2><\/div>\n\n\n\n<div class=\"wp-block-uagb-container uagb-block-b5dc4002\">\n<div class=\"wp-block-uagb-info-box uagb-block-5fb96413 uagb-infobox__content-wrap  uagb-infobox-icon-above-title uagb-infobox-image-valign-top\"><div class=\"uagb-ifb-content\"><div class=\"uagb-ifb-title-wrap\"><span class=\"uagb-ifb-title-prefix\">Pas 01<\/span><h3 class=\"uagb-ifb-title\">Selecci\u00f3 d&#8217;ingredients<\/h3><\/div><p class=\"uagb-ifb-desc\">Triem els millors ingredients locals per a les nostres cerveses.<\/p><div class=\"uagb-ifb-separator\"><\/div><\/div><\/div>\n\n\n\n<div class=\"wp-block-uagb-info-box uagb-block-e82c6c50 uagb-infobox__content-wrap  uagb-infobox-icon-above-title uagb-infobox-image-valign-top\"><div class=\"uagb-ifb-content\"><div class=\"uagb-ifb-title-wrap\"><span class=\"uagb-ifb-title-prefix\">Pas 02<\/span><h3 class=\"uagb-ifb-title\">Processos artesanals<\/h3><\/div><p class=\"uagb-ifb-desc\">Cada cervesa es elabora seguint m\u00e8todes tradicionals que respecten l&#8217;autenticitat.<\/p><div class=\"uagb-ifb-separator\"><\/div><\/div><\/div>\n\n\n\n<div class=\"wp-block-uagb-info-box uagb-block-63a457f5 uagb-infobox__content-wrap  uagb-infobox-icon-above-title uagb-infobox-image-valign-top\"><div class=\"uagb-ifb-content\"><div class=\"uagb-ifb-title-wrap\"><span class=\"uagb-ifb-title-prefix\">pas 03<\/span><h3 class=\"uagb-ifb-title\">Passi\u00f3 per la qualitat<\/h3><\/div><p class=\"uagb-ifb-desc\">El nostre comprom\u00eds \u00e9s oferir cerveses de m\u00e0xima qualitat a cada got.<\/p><\/div><\/div>\n<\/div>\n<\/div>\n<\/div><\/div>","protected":false},"excerpt":{"rendered":"<p>Descobreix Cervesa Guineu: Tradici\u00f3 i Passi\u00f3 Una cervesera artesanal de qualitat amb una rica hist\u00f2ria a Catalunya, dedicada a fer cerveses honestes i extraordin\u00e0ries. Sobre nosaltres La nostra passi\u00f3 per [&hellip;]<\/p>\n","protected":false},"author":1,"featured_media":0,"parent":0,"menu_order":0,"comment_status":"closed","ping_status":"closed","template":"","meta":{"_coblocks_attr":"","_coblocks_dimensions":"","_coblocks_responsive_height":"","_coblocks_accordion_ie_support":"","_surecart_dashboard_logo_width":"180px","_surecart_dashboard_show_logo":true,"_surecart_dashboard_navigation_orders":true,"_surecart_dashboard_navigation_invoices":true,"_surecart_dashboard_navigation_subscriptions":true,"_surecart_dashboard_navigation_downloads":true,"_surecart_dashboard_navigation_billing":true,"_surecart_dashboard_navigation_account":true,"_uag_custom_page_level_css":"","site-sidebar-layout":"default","site-content-layout":"","ast-site-content-layout":"default","site-content-style":"default","site-sidebar-style":"default","ast-global-header-display":"","ast-banner-title-visibility":"","ast-main-header-display":"","ast-hfb-above-header-display":"","ast-hfb-below-header-display":"","ast-hfb-mobile-header-display":"","site-post-title":"","ast-breadcrumbs-content":"","ast-featured-img":"","footer-sml-layout":"","ast-disable-related-posts":"","theme-transparent-header-meta":"enabled","adv-header-id-meta":"","stick-header-meta":"","header-above-stick-meta":"","header-main-stick-meta":"","header-below-stick-meta":"","astra-migrate-meta-layouts":"default","ast-page-background-enabled":"default","ast-page-background-meta":{"desktop":{"background-color":"var(--ast-global-color-4)","background-image":"","background-repeat":"repeat","background-position":"center center","background-size":"auto","background-attachment":"scroll","background-type":"","background-media":"","overlay-type":"","overlay-color":"","overlay-opacity":"","overlay-gradient":""},"tablet":{"background-color":"","background-image":"","background-repeat":"repeat","background-position":"center center","background-size":"auto","background-attachment":"scroll","background-type":"","background-media":"","overlay-type":"","overlay-color":"","overlay-opacity":"","overlay-gradient":""},"mobile":{"background-color":"","background-image":"","background-repeat":"repeat","background-position":"center center","background-size":"auto","background-attachment":"scroll","background-type":"","background-media":"","overlay-type":"","overlay-color":"","overlay-opacity":"","overlay-gradient":""}},"ast-content-background-meta":{"desktop":{"background-color":"var(--ast-global-color-5)","background-image":"","background-repeat":"repeat","background-position":"center center","background-size":"auto","background-attachment":"scroll","background-type":"","background-media":"","overlay-type":"","overlay-color":"","overlay-opacity":"","overlay-gradient":""},"tablet":{"background-color":"var(--ast-global-color-5)","background-image":"","background-repeat":"repeat","background-position":"center center","background-size":"auto","background-attachment":"scroll","background-type":"","background-media":"","overlay-type":"","overlay-color":"","overlay-opacity":"","overlay-gradient":""},"mobile":{"background-color":"var(--ast-global-color-5)","background-image":"","background-repeat":"repeat","background-position":"center center","background-size":"auto","background-attachment":"scroll","background-type":"","background-media":"","overlay-type":"","overlay-color":"","overlay-opacity":"","overlay-gradient":""}},"_price":"","_stock":"","_tribe_ticket_header":"","_tribe_default_ticket_provider":"","_tribe_ticket_capacity":"0","_ticket_start_date":"","_ticket_end_date":"","_tribe_ticket_show_description":"","_tribe_ticket_show_not_going":false,"_tribe_ticket_use_global_stock":"","_tribe_ticket_global_stock_level":"","_global_stock_mode":"","_global_stock_cap":"","_tribe_rsvp_for_event":"","_tribe_ticket_going_count":"","_tribe_ticket_not_going_count":"","_tribe_tickets_list":"[]","_tribe_ticket_has_attendee_info_fields":false,"footnotes":"","_tec_slr_enabled":"","_tec_slr_layout":""},"class_list":["post-532","page","type-page","status-publish","hentry"],"uagb_featured_image_src":{"full":false,"thumbnail":false,"medium":false,"medium_large":false,"large":false,"1536x1536":false,"2048x2048":false,"trp-custom-language-flag":false,"mailpoet_newsletter_max":false,"woocommerce_thumbnail":false,"woocommerce_single":false,"woocommerce_gallery_thumbnail":false},"uagb_author_info":{"display_name":"679300pwpadmin","author_link":"https:\/\/cervesaguineu.net\/es\/author\/679300pwpadmin\/"},"uagb_comment_info":0,"uagb_excerpt":"Descobreix Cervesa Guineu: Tradici\u00f3 i Passi\u00f3 Una cervesera artesanal de qualitat amb una rica hist\u00f2ria a Catalunya, dedicada a fer cerveses honestes i extraordin\u00e0ries. Sobre nosaltres La nostra passi\u00f3 per [&hellip;]","jetpack_sharing_enabled":true,"ticketed":false,"_links":{"self":[{"href":"https:\/\/cervesaguineu.net\/es\/wp-json\/wp\/v2\/pages\/532","targetHints":{"allow":["GET"]}}],"collection":[{"href":"https:\/\/cervesaguineu.net\/es\/wp-json\/wp\/v2\/pages"}],"about":[{"href":"https:\/\/cervesaguineu.net\/es\/wp-json\/wp\/v2\/types\/page"}],"author":[{"embeddable":true,"href":"https:\/\/cervesaguineu.net\/es\/wp-json\/wp\/v2\/users\/1"}],"replies":[{"embeddable":true,"href":"https:\/\/cervesaguineu.net\/es\/wp-json\/wp\/v2\/comments?post=532"}],"version-history":[{"count":4,"href":"https:\/\/cervesaguineu.net\/es\/wp-json\/wp\/v2\/pages\/532\/revisions"}],"predecessor-version":[{"id":712,"href":"https:\/\/cervesaguineu.net\/es\/wp-json\/wp\/v2\/pages\/532\/revisions\/712"}],"wp:attachment":[{"href":"https:\/\/cervesaguineu.net\/es\/wp-json\/wp\/v2\/media?parent=532"}],"curies":[{"name":"wp","href":"https:\/\/api.w.org\/{rel}","templated":true}]}}