{"id":531,"date":"2025-11-19T20:52:27","date_gmt":"2025-11-19T20:52:27","guid":{"rendered":"https:\/\/cervesaguineu.net\/home-2\/"},"modified":"2025-11-25T18:55:07","modified_gmt":"2025-11-25T18:55:07","slug":"inicio-1","status":"publish","type":"page","link":"https:\/\/cervesaguineu.net\/es\/","title":{"rendered":"Inici"},"content":{"rendered":"<div data-elementor-type=\"wp-page\" data-elementor-id=\"531\" class=\"elementor elementor-531\">\n\t\t\t\t<div class=\"elementor-element elementor-element-6c43195 e-flex e-con-boxed e-con e-parent\" data-id=\"6c43195\" data-element_type=\"container\" data-e-type=\"container\">\n\t\t\t\t\t<div class=\"e-con-inner\">\n\t\t\t\t<div class=\"elementor-element elementor-element-a58465e elementor-widget elementor-widget-text-editor\" data-id=\"a58465e\" data-element_type=\"widget\" data-e-type=\"widget\" data-widget_type=\"text-editor.default\">\n\t\t\t\t\t\t\t\t\t\n<div class=\"wp-block-uagb-container uagb-layout-grid uagb-block-52a5e7a5 alignfull uagb-is-root-container\">\n<div class=\"uagb-container-inner-blocks-wrap\">\n<div class=\"wp-block-uagb-info-box uagb-block-0c3037de uagb-infobox__content-wrap  uagb-infobox-icon-above-title uagb-infobox-image-valign-top\">\n<div class=\"uagb-ifb-content\">\n<div class=\"uagb-ifb-title-wrap\">\n<div class=\"uagb-ifb-separator\">\u00a0<\/div>\n<h1 class=\"uagb-ifb-title\">Descobreix la Cervesa Guineu<\/h1>\n<\/div>\n<div class=\"uagb-ifb-button-wrapper wp-block-button\"><a class=\"uagb-infobox-cta-link wp-block-button__link\" href=\"\/es\/contact\/\" target=\"_self\" rel=\"noopener noreferrer\"><span class=\"uagb-inline-editing\">Prova-ho ara<\/span><\/a><\/div>\n<\/div>\n<\/div>\n\n<div class=\"wp-block-uagb-advanced-heading uagb-block-0a094371 coblocks-animate\" data-coblocks-animation=\"slideInRight\">\n<div class=\"uagb-heading-text\">Cerveses artesanals de qualitat amb passi\u00f3 i dedicaci\u00f3<\/div>\n<p class=\"uagb-desc-text\">A Cervesa Guineu, creem cerveses aut\u00e8ntiques amb ingredients de primera qualitat i processos respectuosos. La nostra passi\u00f3 per la cervesa artesanal ens impulsa a mantenir l&#8217;honestedat i la singularitat en cada elaboraci\u00f3.<\/p>\n<\/div>\n<\/div>\n<\/div>\n\n<div class=\"wp-block-uagb-container uagb-block-6d4e3205 alignfull uagb-is-root-container\">\n<div class=\"uagb-container-inner-blocks-wrap\">\n<div class=\"wp-block-uagb-image uagb-block-41997195 wp-block-uagb-image--layout-default wp-block-uagb-image--effect-static wp-block-uagb-image--align-none uag-blocks-common-selector\" style=\"--z-index-desktop: 1; ;--z-index-tablet: undefined; ;--z-index-mobile: undefined;\">\n<figure class=\"wp-block-uagb-image__figure\"><img fetchpriority=\"high\" decoding=\"async\" class=\"uag-image-235\" title=\"home-hero\" role=\"img\" src=\"https:\/\/cervesaguineu.net\/wp-content\/uploads\/2025\/11\/Barrel-Aged_3.jpeg\" sizes=\"(max-width: 480px) 150px\" srcset=\"https:\/\/cervesaguineu.net\/wp-content\/uploads\/2025\/11\/Barrel-Aged_3.jpeg ,https:\/\/cervesaguineu.net\/wp-content\/uploads\/2025\/11\/Barrel-Aged_3.jpeg 780w, https:\/\/cervesaguineu.net\/wp-content\/uploads\/2025\/11\/Barrel-Aged_3.jpeg 360w\" alt=\"Barrel Aged 3\" width=\"1200\" height=\"500\"><\/figure>\n<\/div>\n\n<div class=\"wp-block-uagb-advanced-heading uagb-block-c1430afc\">\n<div class=\"uagb-heading-text\">Qui som<\/div>\n<div class=\"uagb-separator\">\u00a0<\/div>\n<\/div>\n\n<div class=\"wp-block-uagb-container uagb-layout-grid uagb-block-872fa012\">\n<div class=\"wp-block-uagb-advanced-heading uagb-block-76d9be4a\">\n<h2 class=\"uagb-heading-text\">La hist\u00f2ria darrere de Cervesa Guineu, una passi\u00f3 artesana<\/h2>\n<\/div>\n\n<div class=\"wp-block-uagb-container uagb-layout-flex uagb-block-9f20c438\">\n<div class=\"wp-block-uagb-advanced-heading uagb-block-6c26d2ee\">\n<h3 class=\"uagb-heading-text\">Des de 2008, elaborant cervesa amb cura i autenticitat a Catalunya.<\/h3>\n<\/div>\n\n<div class=\"wp-block-uagb-image uagb-block-3a4acf19 wp-block-uagb-image--layout-default wp-block-uagb-image--effect-static wp-block-uagb-image--align-none\">\n<figure class=\"wp-block-uagb-image__figure\"><img decoding=\"async\" class=\"uag-image-234\" title=\"about-us\" role=\"img\" src=\"https:\/\/cervesaguineu.net\/wp-content\/uploads\/2025\/11\/Barrel-Aged_2.jpeg\" sizes=\"(max-width: 480px) 150px\" srcset=\"https:\/\/cervesaguineu.net\/wp-content\/uploads\/2025\/11\/Barrel-Aged_2.jpeg ,https:\/\/cervesaguineu.net\/wp-content\/uploads\/2025\/11\/Barrel-Aged_2.jpeg 780w, https:\/\/cervesaguineu.net\/wp-content\/uploads\/2025\/11\/Barrel-Aged_2.jpeg 360w\" alt=\"Barrel Aged 2\" width=\"650\" height=\"400\"><\/figure>\n<\/div>\n\n<div class=\"wp-block-uagb-info-box uagb-block-b216a928 uagb-infobox__content-wrap  uagb-infobox-icon-above-title uagb-infobox-image-valign-top wp-block-uagb-info-box--has-margin\">\n<div class=\"uagb-infobox-margin-wrapper\">\n<div class=\"uagb-ifb-content\">\n<div class=\"uagb-ifb-title-wrap\">\u00a0<\/div>\n<p class=\"uagb-ifb-desc\">Cervesa Guineu s&#8217;ha establert com una refer\u00e8ncia en cerveses artesanals, oferint productes de qualitat que satisfan els clients m\u00e9s exigents.<\/p>\n<div class=\"uagb-ifb-button-wrapper wp-block-button\"><a class=\"uagb-infobox-cta-link ast-outline-button\" style=\"border-width: revert-layer;\" href=\"\/es\/about\/\" target=\"_self\" rel=\"noopener noreferrer\"><span class=\"uagb-inline-editing\">Llegir m\u00e9s<\/span><\/a><\/div>\n<\/div>\n<\/div>\n<\/div>\n<\/div>\n<\/div>\n\n<div class=\"wp-block-uagb-advanced-heading uagb-block-257301db\">\n<p class=\"uagb-heading-text\">La nostra gamma<\/p>\n<div class=\"uagb-separator\">\u00a0<\/div>\n<\/div>\n\n<div class=\"wp-block-uagb-container uagb-layout-flex uagb-block-d836a3f7\">\n<div class=\"wp-block-uagb-info-box uagb-block-5fb96413 uagb-infobox__content-wrap  uagb-infobox-icon-above-title uagb-infobox-image-valign-top wp-block-uagb-info-box--has-margin\">\n<div class=\"uagb-infobox-margin-wrapper\">\n<div class=\"uagb-ifb-content\">\n<div class=\"uagb-ifb-title-wrap\">\n<h3 class=\"uagb-ifb-title-prefix\">20+<\/h3>\n<h4 class=\"uagb-ifb-title\">Anys d&#8217;experi\u00e8ncia<\/h4>\n<\/div>\n<p class=\"uagb-ifb-desc\">Aquesta \u00e9s una secci\u00f3 flexible on pots compartir qualsevol cosa que vulguis.<\/p>\n<\/div>\n<\/div>\n<\/div>\n\n<div class=\"wp-block-uagb-info-box uagb-block-81a43f00 uagb-infobox__content-wrap  uagb-infobox-icon-above-title uagb-infobox-image-valign-top wp-block-uagb-info-box--has-margin\">\n<div class=\"uagb-infobox-margin-wrapper\">\n<div class=\"uagb-ifb-content\">\n<div class=\"uagb-ifb-title-wrap\">\n<h3 class=\"uagb-ifb-title-prefix\">40+<\/h3>\n<h4 class=\"uagb-ifb-title\">Membres de l&#8217;equip<\/h4>\n<\/div>\n<p class=\"uagb-ifb-desc\">Aquesta \u00e9s una secci\u00f3 flexible on pots compartir qualsevol cosa que vulguis.<\/p>\n<\/div>\n<\/div>\n<\/div>\n\n<div class=\"wp-block-uagb-info-box uagb-block-7808e759 uagb-infobox__content-wrap  uagb-infobox-icon-above-title uagb-infobox-image-valign-top wp-block-uagb-info-box--has-margin\">\n<div class=\"uagb-infobox-margin-wrapper\">\n<div class=\"uagb-ifb-content\">\n<div class=\"uagb-ifb-title-wrap\">\n<h3 class=\"uagb-ifb-title-prefix\">98%<\/h3>\n<h4 class=\"uagb-ifb-title\">Client satisfet<\/h4>\n<\/div>\n<p class=\"uagb-ifb-desc\">Aquesta \u00e9s una secci\u00f3 flexible on pots compartir qualsevol cosa que vulguis.<\/p>\n<\/div>\n<\/div>\n<\/div>\n\n<div class=\"wp-block-uagb-info-box uagb-block-08175930 uagb-infobox__content-wrap  uagb-infobox-icon-above-title uagb-infobox-image-valign-top wp-block-uagb-info-box--has-margin\">\n<div class=\"uagb-infobox-margin-wrapper\">\n<div class=\"uagb-ifb-content\">\n<div class=\"uagb-ifb-title-wrap\">\n<h3 class=\"uagb-ifb-title-prefix\">05+<\/h3>\n<h4 class=\"uagb-ifb-title\">Premis guanyats<\/h4>\n<\/div>\n<p class=\"uagb-ifb-desc\">Aquesta \u00e9s una secci\u00f3 flexible on pots compartir qualsevol cosa que vulguis.<\/p>\n<\/div>\n<\/div>\n<\/div>\n<\/div>\n<\/div>\n<\/div>\n\n<div class=\"wp-block-uagb-container uagb-block-08bdc66b alignfull uagb-is-root-container\">\n<div class=\"uagb-container-inner-blocks-wrap\">\n<div class=\"wp-block-uagb-advanced-heading uagb-block-8a25e220\">\n<p class=\"uagb-heading-text\">Servei<\/p>\n<div class=\"uagb-separator\">\u00a0<\/div>\n<\/div>\n\n<div class=\"wp-block-uagb-container uagb-layout-grid uagb-block-5c68a50a\">\n<div class=\"wp-block-uagb-image uagb-block-53f5dea3 wp-block-uagb-image--layout-default wp-block-uagb-image--effect-static wp-block-uagb-image--align-none\">\n<figure class=\"wp-block-uagb-image__figure\"><img decoding=\"async\" class=\"uag-image-233\" title=\"services-05\" role=\"img\" src=\"https:\/\/cervesaguineu.net\/wp-content\/uploads\/2025\/11\/Barrel-Aged_1.jpeg\" sizes=\"(max-width: 480px) 150px\" srcset=\"https:\/\/cervesaguineu.net\/wp-content\/uploads\/2025\/11\/Barrel-Aged_1.jpeg ,https:\/\/cervesaguineu.net\/wp-content\/uploads\/2025\/11\/Barrel-Aged_1.jpeg 780w, https:\/\/cervesaguineu.net\/wp-content\/uploads\/2025\/11\/Barrel-Aged_1.jpeg 360w\" alt=\"Barrel Aged 1\" width=\"420\" height=\"410\"><\/figure>\n<\/div>\n\n<div class=\"wp-block-uagb-container uagb-block-778f7e32\">\n<div class=\"wp-block-uagb-info-box uagb-block-f0b253e0 uagb-infobox__content-wrap  uagb-infobox-icon-above-title uagb-infobox-image-valign-top\">\n<div class=\"uagb-ifb-content\">\n<div class=\"uagb-ifb-title-wrap\"><span class=\"uagb-ifb-title-prefix\">01.<\/span>\n<div class=\"uagb-ifb-separator\">\u00a0<\/div>\n<h3 class=\"uagb-ifb-title\">Cerveses Artesanals<\/h3>\n<\/div>\n<p class=\"uagb-ifb-desc\">Produ\u00efm cerveses de qualitat, respectant la tradici\u00f3 i els ingredients naturals.<\/p>\n<div class=\"uagb-ifb-button-wrapper wp-block-button\"><a class=\"uagb-infobox-cta-link\" href=\"\/es\/services\/\" target=\"_self\" rel=\"noopener noreferrer\"><span class=\"uagb-inline-editing\">Llegir m\u00e9s<\/span><\/a><\/div>\n<\/div>\n<\/div>\n\n<div class=\"wp-block-uagb-info-box uagb-block-f9ac84ae uagb-infobox__content-wrap  uagb-infobox-icon-above-title uagb-infobox-image-valign-top\">\n<div class=\"uagb-ifb-content\">\n<div class=\"uagb-ifb-title-wrap\"><span class=\"uagb-ifb-title-prefix\">02.<\/span>\n<div class=\"uagb-ifb-separator\">\u00a0<\/div>\n<h3 class=\"uagb-ifb-title\">Visites a la Cerveseria<\/h3>\n<\/div>\n<p class=\"uagb-ifb-desc\">Oferim visites guiades a la nostra cerveseria per compartir el nostre proc\u00e9s d&#8217;elaboraci\u00f3.<\/p>\n<div class=\"uagb-ifb-button-wrapper wp-block-button\"><a class=\"uagb-infobox-cta-link\" href=\"\/es\/services\/\" target=\"_self\" rel=\"noopener noreferrer\"><span class=\"uagb-inline-editing\">Llegir m\u00e9s<\/span><\/a><\/div>\n<\/div>\n<\/div>\n<\/div>\n<\/div>\n\n<div class=\"wp-block-uagb-container uagb-layout-grid uagb-block-6d729892\">\n<div class=\"wp-block-uagb-container uagb-block-44fb29ae\">\n<div class=\"wp-block-uagb-info-box uagb-block-6a4682cb uagb-infobox__content-wrap  uagb-infobox-icon-above-title uagb-infobox-image-valign-top\">\n<div class=\"uagb-ifb-content\">\n<div class=\"uagb-ifb-title-wrap\"><span class=\"uagb-ifb-title-prefix\">03.<\/span>\n<div class=\"uagb-ifb-separator\">\u00a0<\/div>\n<h3 class=\"uagb-ifb-title\">Cerveses a Mida<\/h3>\n<\/div>\n<p class=\"uagb-ifb-desc\">Desenvolupem cerveses personalitzades per al teu bar o el teus esdeveniments especials.<\/p>\n<div class=\"uagb-ifb-button-wrapper wp-block-button\"><a class=\"uagb-infobox-cta-link\" href=\"\/es\/services\/\" target=\"_self\" rel=\"noopener noreferrer\"><span class=\"uagb-inline-editing\">Llegir m\u00e9s<\/span><\/a><\/div>\n<\/div>\n<\/div>\n<\/div>\n\n<div class=\"wp-block-uagb-image uagb-block-107767f8 wp-block-uagb-image--layout-default wp-block-uagb-image--effect-static wp-block-uagb-image--align-none\">\n<figure class=\"wp-block-uagb-image__figure\"><img loading=\"lazy\" decoding=\"async\" class=\"uag-image-231\" title=\"services-06\" role=\"img\" src=\"https:\/\/cervesaguineu.net\/wp-content\/uploads\/2025\/11\/IMG_6870_R-scaled.jpg\" sizes=\"(max-width: 480px) 150px\" srcset=\"https:\/\/cervesaguineu.net\/wp-content\/uploads\/2025\/11\/IMG_6870_R-scaled.jpg ,https:\/\/cervesaguineu.net\/wp-content\/uploads\/2025\/11\/IMG_6870_R-scaled.jpg 780w, https:\/\/cervesaguineu.net\/wp-content\/uploads\/2025\/11\/IMG_6870_R-scaled.jpg 360w\" alt=\"IMG 6870 R Scaled\" width=\"750\" height=\"410\"><\/figure>\n<\/div>\n<\/div>\n<\/div>\n<\/div>\n\n<div class=\"wp-block-uagb-container uagb-block-65effa8e alignfull uagb-is-root-container\">\n<div class=\"uagb-container-inner-blocks-wrap\">\n<div class=\"wp-block-uagb-info-box uagb-block-091c583e uagb-infobox__content-wrap  uagb-infobox-icon-above-title uagb-infobox-image-valign-top\">\n<div class=\"uagb-ifb-content\">\n<div class=\"uagb-ifb-title-wrap\">\n<h2 class=\"uagb-ifb-title\">Comparteix la passi\u00f3 per la cervesa artesanal<\/h2>\n<\/div>\n<p class=\"uagb-ifb-desc\">Uneix-te a nosaltres i gaudeix d&#8217;experi\u00e8ncies \u00faniques.<\/p>\n<div class=\"uagb-ifb-button-wrapper wp-block-button\"><a class=\"uagb-infobox-cta-link wp-block-button__link\" href=\"\/es\/contact\/\" target=\"_self\" rel=\"noopener noreferrer\"><span class=\"uagb-inline-editing\">Prova-ho ara<\/span><\/a><\/div>\n<\/div>\n<\/div>\n<\/div>\n<\/div>\n\n<div class=\"wp-block-uagb-container uagb-block-83548667 alignfull uagb-is-root-container\">\n<div class=\"uagb-container-inner-blocks-wrap\">\n<div class=\"wp-block-uagb-advanced-heading uagb-block-e0cb5439\">\n<p class=\"uagb-heading-text\">Valor diferencial<\/p>\n<div class=\"uagb-separator\">\u00a0<\/div>\n<\/div>\n\n<div class=\"wp-block-uagb-advanced-heading uagb-block-8206bff7\">\n<h2 class=\"uagb-heading-text\">Elaboraci\u00f3 respectuosa i ingredients seleccionats<\/h2>\n<\/div>\n\n<div class=\"wp-block-uagb-container uagb-layout-grid uagb-block-ac52fa34\">\n<div class=\"wp-block-uagb-image uagb-block-b9c7f8af wp-block-uagb-image--layout-default wp-block-uagb-image--effect-static wp-block-uagb-image--align-none\">\n<figure class=\"wp-block-uagb-image__figure\"><img loading=\"lazy\" decoding=\"async\" class=\"uag-image-397\" title=\"DSC_0862\" role=\"img\" src=\"https:\/\/cervesaguineu.net\/wp-content\/uploads\/2025\/11\/DSC_0862-1024x684.jpg\" sizes=\"(max-width: 480px) 150px\" srcset=\"https:\/\/cervesaguineu.net\/wp-content\/uploads\/2025\/11\/DSC_0862-1024x684.jpg ,https:\/\/cervesaguineu.net\/wp-content\/uploads\/2025\/11\/DSC_0862.jpg 780w, https:\/\/cervesaguineu.net\/wp-content\/uploads\/2025\/11\/DSC_0862.jpg 360w\" alt=\"DSC 0862 1024x684\" width=\"700\" height=\"470\"><\/figure>\n<\/div>\n\n<div class=\"wp-block-uagb-container uagb-block-45ff912f\">\n<div class=\"wp-block-uagb-container uagb-layout-grid uagb-block-8e62ac0a\">\n<div class=\"wp-block-uagb-advanced-heading uagb-block-b8e76fe9\">\n<h2 class=\"uagb-heading-text\">01<\/h2>\n<\/div>\n\n<div class=\"wp-block-uagb-advanced-heading uagb-block-45c96698\">\n<h3 class=\"uagb-heading-text\">Cervesa Honesta<\/h3>\n<p class=\"uagb-desc-text\">Cada cervesa \u00e9s elaborada de manera artesanal, garantint la seva autenticitat i sabor \u00fanic.<\/p>\n<\/div>\n<\/div>\n\n<div class=\"wp-block-uagb-container uagb-layout-grid uagb-block-817552aa\">\n<div class=\"wp-block-uagb-advanced-heading uagb-block-90bf524c\">\n<h2 class=\"uagb-heading-text\">02<\/h2>\n<\/div>\n\n<div class=\"wp-block-uagb-advanced-heading uagb-block-d813235b\">\n<h3 class=\"uagb-heading-text\">Sense Pasteuritzar<\/h3>\n<p class=\"uagb-desc-text\">Mantenim el car\u00e0cter natural de les cerveses per oferir-te l&#8217;autenticitat en cada got.<\/p>\n<\/div>\n<\/div>\n\n<div class=\"wp-block-uagb-container uagb-layout-grid uagb-block-78fbfab3\">\n<div class=\"wp-block-uagb-advanced-heading uagb-block-db61aa38\">\n<h2 class=\"uagb-heading-text\">03<\/h2>\n<\/div>\n\n<div class=\"wp-block-uagb-advanced-heading uagb-block-37613d6c\">\n<h3 class=\"uagb-heading-text\">Varietat d&#8217;Estils<\/h3>\n<p class=\"uagb-desc-text\">Descobreix una diversitat de cerveses amb l\u00fapul i molts altres estils que s&#8217;adapten a cada gust.<\/p>\n<\/div>\n<\/div>\n<\/div>\n<\/div>\n<\/div>\n<\/div>\n\n<p>\u00a0<\/p>\n\t\t\t\t\t\t\t\t<\/div>\n\t\t\t\t\t<\/div>\n\t\t\t\t<\/div>\n\t\t\t\t<\/div>","protected":false},"excerpt":{"rendered":"<p>Cerveses artesanals de qualitat amb passi\u00f3 i dedicaci\u00f3 A Cervesa Guineu, creem cerveses aut\u00e8ntiques amb ingredients de primera qualitat i processos respectuosos. La nostra passi\u00f3 per la cervesa artesanal ens [&hellip;]<\/p>\n","protected":false},"author":1,"featured_media":0,"parent":0,"menu_order":0,"comment_status":"closed","ping_status":"closed","template":"","meta":{"_coblocks_attr":"","_coblocks_dimensions":"","_coblocks_responsive_height":"","_coblocks_accordion_ie_support":"","_surecart_dashboard_logo_width":"180px","_surecart_dashboard_show_logo":true,"_surecart_dashboard_navigation_orders":true,"_surecart_dashboard_navigation_invoices":true,"_surecart_dashboard_navigation_subscriptions":true,"_surecart_dashboard_navigation_downloads":true,"_surecart_dashboard_navigation_billing":true,"_surecart_dashboard_navigation_account":true,"_uag_custom_page_level_css":"","site-sidebar-layout":"default","site-content-layout":"","ast-site-content-layout":"default","site-content-style":"default","site-sidebar-style":"default","ast-global-header-display":"","ast-banner-title-visibility":"","ast-main-header-display":"","ast-hfb-above-header-display":"","ast-hfb-below-header-display":"","ast-hfb-mobile-header-display":"","site-post-title":"","ast-breadcrumbs-content":"","ast-featured-img":"","footer-sml-layout":"","ast-disable-related-posts":"","theme-transparent-header-meta":"enabled","adv-header-id-meta":"","stick-header-meta":"","header-above-stick-meta":"","header-main-stick-meta":"","header-below-stick-meta":"","astra-migrate-meta-layouts":"default","ast-page-background-enabled":"default","ast-page-background-meta":{"desktop":{"background-color":"var(--ast-global-color-4)","background-image":"","background-repeat":"repeat","background-position":"center center","background-size":"auto","background-attachment":"scroll","background-type":"","background-media":"","overlay-type":"","overlay-color":"","overlay-opacity":"","overlay-gradient":""},"tablet":{"background-color":"","background-image":"","background-repeat":"repeat","background-position":"center center","background-size":"auto","background-attachment":"scroll","background-type":"","background-media":"","overlay-type":"","overlay-color":"","overlay-opacity":"","overlay-gradient":""},"mobile":{"background-color":"","background-image":"","background-repeat":"repeat","background-position":"center center","background-size":"auto","background-attachment":"scroll","background-type":"","background-media":"","overlay-type":"","overlay-color":"","overlay-opacity":"","overlay-gradient":""}},"ast-content-background-meta":{"desktop":{"background-color":"var(--ast-global-color-5)","background-image":"","background-repeat":"repeat","background-position":"center center","background-size":"auto","background-attachment":"scroll","background-type":"","background-media":"","overlay-type":"","overlay-color":"","overlay-opacity":"","overlay-gradient":""},"tablet":{"background-color":"var(--ast-global-color-5)","background-image":"","background-repeat":"repeat","background-position":"center center","background-size":"auto","background-attachment":"scroll","background-type":"","background-media":"","overlay-type":"","overlay-color":"","overlay-opacity":"","overlay-gradient":""},"mobile":{"background-color":"var(--ast-global-color-5)","background-image":"","background-repeat":"repeat","background-position":"center center","background-size":"auto","background-attachment":"scroll","background-type":"","background-media":"","overlay-type":"","overlay-color":"","overlay-opacity":"","overlay-gradient":""}},"_price":"","_stock":"","_tribe_ticket_header":"","_tribe_default_ticket_provider":"","_tribe_ticket_capacity":"0","_ticket_start_date":"","_ticket_end_date":"","_tribe_ticket_show_description":"","_tribe_ticket_show_not_going":false,"_tribe_ticket_use_global_stock":"","_tribe_ticket_global_stock_level":"","_global_stock_mode":"","_global_stock_cap":"","_tribe_rsvp_for_event":"","_tribe_ticket_going_count":"","_tribe_ticket_not_going_count":"","_tribe_tickets_list":"[]","_tribe_ticket_has_attendee_info_fields":false,"footnotes":"","_tec_slr_enabled":"","_tec_slr_layout":""},"class_list":["post-531","page","type-page","status-publish","hentry"],"uagb_featured_image_src":{"full":false,"thumbnail":false,"medium":false,"medium_large":false,"large":false,"1536x1536":false,"2048x2048":false,"trp-custom-language-flag":false,"mailpoet_newsletter_max":false,"woocommerce_thumbnail":false,"woocommerce_single":false,"woocommerce_gallery_thumbnail":false},"uagb_author_info":{"display_name":"679300pwpadmin","author_link":"https:\/\/cervesaguineu.net\/es\/author\/679300pwpadmin\/"},"uagb_comment_info":0,"uagb_excerpt":"Cerveses artesanals de qualitat amb passi\u00f3 i dedicaci\u00f3 A Cervesa Guineu, creem cerveses aut\u00e8ntiques amb ingredients de primera qualitat i processos respectuosos. La nostra passi\u00f3 per la cervesa artesanal ens [&hellip;]","jetpack_sharing_enabled":true,"ticketed":false,"_links":{"self":[{"href":"https:\/\/cervesaguineu.net\/es\/wp-json\/wp\/v2\/pages\/531","targetHints":{"allow":["GET"]}}],"collection":[{"href":"https:\/\/cervesaguineu.net\/es\/wp-json\/wp\/v2\/pages"}],"about":[{"href":"https:\/\/cervesaguineu.net\/es\/wp-json\/wp\/v2\/types\/page"}],"author":[{"embeddable":true,"href":"https:\/\/cervesaguineu.net\/es\/wp-json\/wp\/v2\/users\/1"}],"replies":[{"embeddable":true,"href":"https:\/\/cervesaguineu.net\/es\/wp-json\/wp\/v2\/comments?post=531"}],"version-history":[{"count":15,"href":"https:\/\/cervesaguineu.net\/es\/wp-json\/wp\/v2\/pages\/531\/revisions"}],"predecessor-version":[{"id":713,"href":"https:\/\/cervesaguineu.net\/es\/wp-json\/wp\/v2\/pages\/531\/revisions\/713"}],"wp:attachment":[{"href":"https:\/\/cervesaguineu.net\/es\/wp-json\/wp\/v2\/media?parent=531"}],"curies":[{"name":"wp","href":"https:\/\/api.w.org\/{rel}","templated":true}]}}